{"id":10075,"date":"2025-01-09T22:55:03","date_gmt":"2025-01-09T21:55:03","guid":{"rendered":"https:\/\/kohom.hr\/mm\/?page_id=10075"},"modified":"2025-10-03T21:22:18","modified_gmt":"2025-10-03T19:22:18","slug":"kohom-projekti","status":"publish","type":"page","link":"http:\/\/kohom.hr\/mm\/?page_id=10075","title":{"rendered":"KoHOM projekti"},"content":{"rendered":"<p><strong>Kongres KoHOM-a<\/strong><\/p>\n<p><strong>Osje\u010dki simpozij KoHOM-a za mlade lije\u010dnike<\/strong><\/p>\n<p><strong>FaMa \u010dasopis<\/strong><\/p>\n<p><strong>KoHOM algoRItmi<\/strong><\/p>\n<p><strong>KoHOM-ova edukacijska platforma<\/strong><\/p>\n<p><strong>U\u010dimo s KoHOM-om<\/strong><\/p>\n<p>&nbsp;<\/p>\n","protected":false},"excerpt":{"rendered":"<p>Kongres KoHOM-a Osje\u010dki simpozij KoHOM-a za mlade lije\u010dnike FaMa \u010dasopis KoHOM algoRItmi KoHOM-ova edukacijska platforma U\u010dimo s KoHOM-om &nbsp;<\/p>\n","protected":false},"author":8,"featured_media":0,"parent":0,"menu_order":0,"comment_status":"closed","ping_status":"closed","template":"","meta":{"jetpack_post_was_ever_published":false,"footnotes":""},"jetpack_shortlink":"https:\/\/wp.me\/P13bms-2Cv","jetpack_sharing_enabled":true,"_links":{"self":[{"href":"http:\/\/kohom.hr\/mm\/index.php?rest_route=\/wp\/v2\/pages\/10075"}],"collection":[{"href":"http:\/\/kohom.hr\/mm\/index.php?rest_route=\/wp\/v2\/pages"}],"about":[{"href":"http:\/\/kohom.hr\/mm\/index.php?rest_route=\/wp\/v2\/types\/page"}],"author":[{"embeddable":true,"href":"http:\/\/kohom.hr\/mm\/index.php?rest_route=\/wp\/v2\/users\/8"}],"replies":[{"embeddable":true,"href":"http:\/\/kohom.hr\/mm\/index.php?rest_route=%2Fwp%2Fv2%2Fcomments&post=10075"}],"version-history":[{"count":4,"href":"http:\/\/kohom.hr\/mm\/index.php?rest_route=\/wp\/v2\/pages\/10075\/revisions"}],"predecessor-version":[{"id":10166,"href":"http:\/\/kohom.hr\/mm\/index.php?rest_route=\/wp\/v2\/pages\/10075\/revisions\/10166"}],"wp:attachment":[{"href":"http:\/\/kohom.hr\/mm\/index.php?rest_route=%2Fwp%2Fv2%2Fmedia&parent=10075"}],"curies":[{"name":"wp","href":"https:\/\/api.w.org\/{rel}","templated":true}]}}