{"id":6,"date":"2009-12-10T10:16:28","date_gmt":"2009-12-10T10:16:28","guid":{"rendered":"http:\/\/kohom.hr\/mm\/?page_id=6"},"modified":"2021-04-09T10:43:19","modified_gmt":"2021-04-09T08:43:19","slug":"o-nama","status":"publish","type":"page","link":"http:\/\/kohom.hr\/mm\/?page_id=6","title":{"rendered":"OP\u0106ENITO"},"content":{"rendered":"<p style=\"text-align: justify;\">Koordinacija lije\u010dnika hrvatske obiteljske medicine (KoHOM) je strukovna udruga lije\u010dnika prakti\u010dara op\u0107e\/obiteljske medicine. KoHOM je nastao radi nezadovoljstva razinom kvalitete zdravstvene za\u0161tite u RH, trenuta\u010dnom dru\u0161tvenom i organizacijskom pozicijom obiteljskog lije\u010dnika, a sa ciljem doprinosa napretku kvalitete, dostupnosti i u\u010dinkovitosti zdravstvene za\u0161tite.<\/p>\n<p style=\"text-align: justify;\">Za\u010detak inicijative i prva e-mail lista javila se u prolje\u0107e 2008. godine. Deklaracija i ciljevi doneseni su u 10. mjesecu 2008. god, a prijedlog reforme u 11. mjesecu 2008. god. Sastanak Inicijative za osnivanje Koordinacije hrvatske obiteljske medicine odr\u017ean je u Zagrebu 13.12.2008. kada je donesena i Deklaracija KoHOMa. Sastanak u Hrvatskoj lije\u010dni\u010dkoj komori odr\u017eao se 22.12.2008. a prva presica 23.12.2008.<\/p>\n<p style=\"text-align: justify;\">Osniva\u010dka skup\u0161tina Udruge KoHOM odr\u017eana je 31.1.2009. a registracija Udruge dovr\u0161ena 26.2.2009.<\/p>\n<p style=\"text-align: justify;\">Prva Skup\u0161tina KoHOMa odr\u017eala se u Zagrebu 7.3.2009. u Hotelu &#8220;Antunovi\u0107&#8221;.<\/p>\n<p style=\"text-align: justify;\"><strong>Ciljevi:<\/strong><\/p>\n<p style=\"text-align: justify;\">&#8211; za\u0161tita digniteta struke obiteljskog lije\u010dnika,<\/p>\n<p style=\"text-align: justify;\">&#8211; unapre\u0111enje i podizanje kvalitete zdravstvene za\u0161tite te o\u010duvanje i za\u0161tita prava pacijenata,<\/p>\n<p style=\"text-align: justify;\">&#8211; poticanje i sudjelovanje u znanstvenom i stru\u010dnom radu na podru\u010dju obiteljske medicine,<\/p>\n<p style=\"text-align: justify;\">&#8211; promicanje zdravlja i prevencija bolesti kao kulture zdravog \u017eivljenja.<\/p>\n<p style=\"text-align: justify;\"><strong>Djelatnost:<\/strong><\/p>\n<p style=\"text-align: justify;\">&#8211; predlaganje mjera nadle\u017enim institucijama vlasti i predstavni\u010dkim tijelima s ciljem unapre\u0111enja uloge i struke lije\u010dnika obiteljske medicine,<\/p>\n<p style=\"text-align: justify;\">&#8211; briga za ugled i prava lije\u010dnika obiteljske medicine,<\/p>\n<p style=\"text-align: justify;\">&#8211; suradnja sa znanstvenim i stru\u010dnim udrugama, i udrugama pacijenata,<\/p>\n<p style=\"text-align: justify;\">&#8211; pokretanje znanstveno-istra\u017eiva\u010dkih projekata.<\/p>\n","protected":false},"excerpt":{"rendered":"<p>Koordinacija lije\u010dnika hrvatske obiteljske medicine (KoHOM) je strukovna udruga lije\u010dnika prakti\u010dara op\u0107e\/obiteljske medicine. KoHOM je nastao radi nezadovoljstva razinom kvalitete zdravstvene za\u0161tite u RH, trenuta\u010dnom dru\u0161tvenom i organizacijskom pozicijom obiteljskog lije\u010dnika, a sa ciljem doprinosa napretku kvalitete, dostupnosti i u\u010dinkovitosti zdravstvene za\u0161tite. Za\u010detak inicijative i prva e-mail lista javila se u prolje\u0107e 2008. godine. Deklaracija &#8230;<\/p>\n","protected":false},"author":1,"featured_media":0,"parent":0,"menu_order":1,"comment_status":"closed","ping_status":"closed","template":"","meta":{"jetpack_post_was_ever_published":false,"footnotes":""},"jetpack_shortlink":"https:\/\/wp.me\/P13bms-6","jetpack_sharing_enabled":true,"_links":{"self":[{"href":"http:\/\/kohom.hr\/mm\/index.php?rest_route=\/wp\/v2\/pages\/6"}],"collection":[{"href":"http:\/\/kohom.hr\/mm\/index.php?rest_route=\/wp\/v2\/pages"}],"about":[{"href":"http:\/\/kohom.hr\/mm\/index.php?rest_route=\/wp\/v2\/types\/page"}],"author":[{"embeddable":true,"href":"http:\/\/kohom.hr\/mm\/index.php?rest_route=\/wp\/v2\/users\/1"}],"replies":[{"embeddable":true,"href":"http:\/\/kohom.hr\/mm\/index.php?rest_route=%2Fwp%2Fv2%2Fcomments&post=6"}],"version-history":[{"count":3,"href":"http:\/\/kohom.hr\/mm\/index.php?rest_route=\/wp\/v2\/pages\/6\/revisions"}],"predecessor-version":[{"id":8953,"href":"http:\/\/kohom.hr\/mm\/index.php?rest_route=\/wp\/v2\/pages\/6\/revisions\/8953"}],"wp:attachment":[{"href":"http:\/\/kohom.hr\/mm\/index.php?rest_route=%2Fwp%2Fv2%2Fmedia&parent=6"}],"curies":[{"name":"wp","href":"https:\/\/api.w.org\/{rel}","templated":true}]}}