{"id":6506,"date":"2017-06-01T13:02:20","date_gmt":"2017-06-01T11:02:20","guid":{"rendered":"http:\/\/kohom.hr\/mm\/?page_id=6506"},"modified":"2017-06-01T13:02:20","modified_gmt":"2017-06-01T11:02:20","slug":"izjava-o-odricanju-odgovornosti","status":"publish","type":"page","link":"http:\/\/kohom.hr\/mm\/?page_id=6506","title":{"rendered":"Izjava o odricanju odgovornosti"},"content":{"rendered":"<p style=\"text-align: justify;\">Koordinacija hrvatske obiteljske medicine (u daljnjem tekstu: KoHOM) ne mo\u017ee jam\u010diti da \u0107e materijali sadr\u017eani na ovoj stranici biti uvijek pregledni ili bez pogre\u0161ke, da \u0107e o\u0161te\u0107enja biti ispravljena ili da su ova web stranica ili poslu\u017eitelj\/server koji je \u010dini dostupnom bez virusa i\/ili potpuno funkcionalni, to\u010dni i pouzdani.<\/p>\n<p style=\"text-align: justify;\">Ni u kojem slu\u010daju KoHOM ne\u0107e biti odgovoran za bilo kakav gubitak ili \u0161tetu, uklju\u010duju\u0107i, bez ograni\u010denja, neizravni ili posljedi\u010dni gubitak ili \u0161tetu, koja mo\u017ee proiza\u0107i iz kori\u0161tenja ili gubitka podataka u vezi s kori\u0161tenjem ove web stranice.<\/p>\n<p style=\"text-align: justify;\">Dodatno, KoHOM se odri\u010de svake odgovornosti proiza\u0161le iz manipulacija ra\u010dunalnim sustavom korisnika interneta od strane neovla\u0161tenih osoba. U tom kontekstu, izri\u010dito upozoravamo na opasnosti od ra\u010dunalnih virusa i mogu\u0107nosti ciljanih napada od strane hakera.<\/p>\n<p style=\"text-align: justify;\">Neke poveznice na ovoj web stranici vode na web stranice tre\u0107ih osoba. Te web stranice nisu ni u kojem obliku pod nadzorom KoHOM-a. Iz tog se razloga KoHOM se odri\u010de svake odgovornosti za ispravnost, potpunost i zakonitost sadr\u017eaja tih web stranica i mogu\u0107ih ponuda ili usluga koje se nude putem tih web stranica.<\/p>\n<p style=\"text-align: justify;\">Kada koristite internet, trebali biste osigurati odgovaraju\u0107u za\u0161titu od virusa i drugih sigurnosnih rje\u0161enja.<\/p>\n<p style=\"text-align: justify;\">Preporu\u010dujemo da pokrenete protuvirusni program prilikom preuzimanja bilo kakvih materijala s interneta.\u00a0KoHOM ne mo\u017ee prihvatiti odgovornost za bilo kakav gubitak, ometanje ili o\u0161te\u0107enje va\u0161ih podataka ili va\u0161eg ra\u010dunalnog sustava koji se mo\u017ee pojaviti pri preuzimanju ili postavljanju podataka na ovoj web stranici.\u00a0Svim korisnicima ove web stranice strogo je zabranjeno bilo kakvo ubacivanje virusa ili drugih materijala koji su zlonamjerni ili tehnolo\u0161ki \u0161tetni.<\/p>\n<p style=\"text-align: justify;\">Sudionici\/korisnici programa \u201eSiguran pacijent\u201c su posebno upozoreni da KoHOM zbog same prirode interneta ne mo\u017ee jam\u010diti sigurnost i tajnost prikupljenih podataka iz doti\u010dnog programa niti odgovarati u bilo kojem smislu u slu\u010daju gubitka ili neovla\u0161tenog kori\u0161tenja prikupljenih podataka. Kori\u0161tenjem ove web stranice smatra se da su korisnici u svakom trenutku upoznati i suglasni s ovim uvjetima kori\u0161tenja.<\/p>\n<p style=\"text-align: justify;\">Svi gore navedeni uvjeti kori\u0161tenja stupaju na snagu danom njihove objave na ovoj web stranici.<\/p>\n","protected":false},"excerpt":{"rendered":"<p>Koordinacija hrvatske obiteljske medicine (u daljnjem tekstu: KoHOM) ne mo\u017ee jam\u010diti da \u0107e materijali sadr\u017eani na ovoj stranici biti uvijek pregledni ili bez pogre\u0161ke, da \u0107e o\u0161te\u0107enja biti ispravljena ili da su ova web stranica ili poslu\u017eitelj\/server koji je \u010dini dostupnom bez virusa i\/ili potpuno funkcionalni, to\u010dni i pouzdani. Ni u kojem slu\u010daju KoHOM ne\u0107e &#8230;<\/p>\n","protected":false},"author":1,"featured_media":0,"parent":0,"menu_order":0,"comment_status":"closed","ping_status":"closed","template":"","meta":{"jetpack_post_was_ever_published":false,"footnotes":""},"jetpack_shortlink":"https:\/\/wp.me\/P13bms-1GW","jetpack_sharing_enabled":true,"_links":{"self":[{"href":"http:\/\/kohom.hr\/mm\/index.php?rest_route=\/wp\/v2\/pages\/6506"}],"collection":[{"href":"http:\/\/kohom.hr\/mm\/index.php?rest_route=\/wp\/v2\/pages"}],"about":[{"href":"http:\/\/kohom.hr\/mm\/index.php?rest_route=\/wp\/v2\/types\/page"}],"author":[{"embeddable":true,"href":"http:\/\/kohom.hr\/mm\/index.php?rest_route=\/wp\/v2\/users\/1"}],"replies":[{"embeddable":true,"href":"http:\/\/kohom.hr\/mm\/index.php?rest_route=%2Fwp%2Fv2%2Fcomments&post=6506"}],"version-history":[{"count":0,"href":"http:\/\/kohom.hr\/mm\/index.php?rest_route=\/wp\/v2\/pages\/6506\/revisions"}],"wp:attachment":[{"href":"http:\/\/kohom.hr\/mm\/index.php?rest_route=%2Fwp%2Fv2%2Fmedia&parent=6506"}],"curies":[{"name":"wp","href":"https:\/\/api.w.org\/{rel}","templated":true}]}}