{"id":8,"date":"2009-12-10T10:21:29","date_gmt":"2009-12-10T10:21:29","guid":{"rendered":"http:\/\/kohom.hr\/mm\/?page_id=8"},"modified":"2024-10-21T00:21:42","modified_gmt":"2024-10-20T22:21:42","slug":"vodstvo","status":"publish","type":"page","link":"http:\/\/kohom.hr\/mm\/?page_id=8","title":{"rendered":"IZVR\u0160NI ODBOR"},"content":{"rendered":"<div class=\"tmm tmm_izvrsni-odbor\"><div class=\"tmm_1_columns tmm_wrap tmm_theme_f\"><span class=\"tmm_two_containers_tablet\"><\/span><div class=\"tmm_container\"><div class=\"tmm_member\" style=\"border-top:#dd3333 solid 5px;\"><div class=\"tmm_photo tmm_pic_izvrsni-odbor_0\" style=\"background: url(http:\/\/kohom.hr\/mm\/wp-content\/uploads\/Fotka-autora-Zrinka-Hudek-Leskovar.jpg); margin-left: auto; margin-right:auto; background-size:cover !important;\"><\/div><div class=\"tmm_textblock\"><div class=\"tmm_names\"><span class=\"tmm_fname\">Zrinka<\/span> <span class=\"tmm_lname\">Hu\u0111ek-Leskovar<\/span><\/div><div class=\"tmm_job\">Predsjednica KoHOM-a<\/div><div class=\"tmm_desc\" style=\"text-align:\">Ro\u0111ena je 1970. godine u Vara\u017edinu. Specijalistica je obiteljske medicine s ordinacijom u Vinici. \u010clanica je KoHOM-a od osnutka. Dugogodi\u0161nja je predsjednica podru\u017enice KoHOM-a Vara\u017edinske \u017eupanije, a u dva mandata (2020.-2024.) obna\u0161ala je du\u017enost Tajnice KoHOM-a. Od 2024. delegat je u Skup\u0161tini HLK. U listopadu 2024. izabrana je za predsjednicu udruge.<\/div><div class=\"tmm_scblock\"><\/div><\/div><\/div><\/div><span class=\"tmm_columns_containers_desktop\"><\/span><div class=\"tmm_container\"><div class=\"tmm_member\" style=\"border-top:#dd3333 solid 5px;\"><div class=\"tmm_photo tmm_pic_izvrsni-odbor_1\" style=\"background: url(http:\/\/kohom.hr\/mm\/wp-content\/uploads\/Vanja-Hmelik-tajnik.jpg); margin-left: auto; margin-right:auto; background-size:cover !important;\"><\/div><div class=\"tmm_textblock\"><div class=\"tmm_names\"><span class=\"tmm_fname\">Vanja          <\/span> <span class=\"tmm_lname\">Hmelik<\/span><\/div><div class=\"tmm_job\">Tajnik KoHOM-a<\/div><div class=\"tmm_desc\" style=\"text-align:\">Ro\u0111en je 1988. godine u Osijeku, gdje i \u017eivi. Radi kao obiteljski lije\u010dnik u Valpovu. Pokreta\u010d je i glavni urednik kohomovog \u010dasopisa FaMa. Dopredsjednik je podru\u017enice KoHOM-a Osje\u010dko-baranjske \u017eupanije. Obna\u0161ao je du\u017enost Glavnog koordinatora KoHOM-a. Od 2024. godine delegat je u Skup\u0161tini HLK. Od listopada 2024. godine \u010dlan je Izvr\u0161nog odbora KoHOM-a te obna\u0161a du\u017enost Tajnika KoHOM-a.<\/div><div class=\"tmm_scblock\"><\/div><\/div><\/div><span class=\"tmm_two_containers_tablet\"><\/span><\/div><span class=\"tmm_columns_containers_desktop\"><\/span><div class=\"tmm_container\"><div class=\"tmm_member\" style=\"border-top:#dd3333 solid 5px;\"><div class=\"tmm_photo tmm_pic_izvrsni-odbor_2\" style=\"background: url(http:\/\/kohom.hr\/mm\/wp-content\/uploads\/natasa-slika.jpg); margin-left: auto; margin-right:auto; background-size:cover !important;\"><\/div><div class=\"tmm_textblock\"><div class=\"tmm_names\"><span class=\"tmm_fname\">Nata\u0161a<\/span> <span class=\"tmm_lname\">Ban Toski\u0107<\/span><\/div><div class=\"tmm_job\">Biv\u0161a predsjednica KoHOM-a<\/div><div class=\"tmm_desc\" style=\"text-align:\">Ro\u0111ena je 1967. godine, specijalistica je obiteljske medicine, a \u017eivi i radi u Zagrebu. Dugogodi\u0161nja je aktivistica i kohomovka. Biv\u0161a je predsjednica KoHOM-a u dva mandata (2020.-2024.), te \u010dlanica Izvr\u0161nog odbora u mandatima 2016.-2020. Predsjednica je Radni\u010dkog vije\u0107a te \u010dlanica Upravnog vije\u0107a DZ Zagreb - Centar. Sindikalna je povjerenica i \u010dlanica Skup\u0161tine HLS-a. Delegat je u Skup\u0161tini HLK.<\/div><div class=\"tmm_scblock\"><\/div><\/div><\/div><\/div><span class=\"tmm_columns_containers_desktop\"><\/span><div class=\"tmm_container\"><div class=\"tmm_member\" style=\"border-top:#dd3333 solid 5px;\"><div class=\"tmm_photo tmm_pic_izvrsni-odbor_3\" style=\"background: url(http:\/\/kohom.hr\/mm\/wp-content\/uploads\/Leo-01.jpg); margin-left: auto; margin-right:auto; background-size:cover !important;\"><\/div><div class=\"tmm_textblock\"><div class=\"tmm_names\"><span class=\"tmm_fname\">Leonardo<\/span> <span class=\"tmm_lname\">Bressan<\/span><\/div><div class=\"tmm_job\">\u010clan Izvr\u0161nog odbora<\/div><div class=\"tmm_desc\" style=\"text-align:\">Ro\u0111en je 1959. u Kopru. \u017divi i radi u Rijeci. \u010clan je KoHOM-a od 2009.g., predsjednik je podru\u017enice KoHOM-a za Primorsko-goransku \u017eupaniju. U dva ranija mandata bio je \u010dlan Izvr\u0161nog odbora, a u dva mandata i \u010dlan Nadzornog odbora KoHOM-a.\u00a0\u010clan je Hrvatskog psihijatrijskog dru\u0161tva. Od listopada 2024.g. \u010dlan je Izvr\u0161nog odbora KoHOM-a.<\/div><div class=\"tmm_scblock\"><\/div><\/div><\/div><span class=\"tmm_two_containers_tablet\"><\/span><\/div><span class=\"tmm_columns_containers_desktop\"><\/span><div class=\"tmm_container\"><div class=\"tmm_member\" style=\"border-top:#dd3333 solid 5px;\"><div class=\"tmm_photo tmm_pic_izvrsni-odbor_4\" style=\"background: url(http:\/\/kohom.hr\/mm\/wp-content\/uploads\/Dejan-Momcilovic.jpg); margin-left: auto; margin-right:auto; background-size:cover !important;\"><\/div><div class=\"tmm_textblock\"><div class=\"tmm_names\"><span class=\"tmm_fname\">Dejan<\/span> <span class=\"tmm_lname\">Mom\u010dilovi\u0107<\/span><\/div><div class=\"tmm_job\">\u010clan Izvr\u0161nog odbora<\/div><div class=\"tmm_desc\" style=\"text-align:\">Ro\u0111en je 1977. u Slavonskom Brodu, gdje \u017eivi i radi kao specijalist obiteljske medicine. Predsjednik je podru\u017enice KoHOM-a Brodsko-posavske \u017eupanije. Od 2024. godine delegat je u Skup\u0161tini HLK i \u010dlan Povjerenstva za primarnu zdravstvenu za\u0161titu HLK. \u010clan je Izvr\u0161nog odbora KoHOM-a od listopada 2024.<\/div><div class=\"tmm_scblock\"><\/div><\/div><\/div><\/div><span class=\"tmm_columns_containers_desktop\"><\/span><div class=\"tmm_container\"><div class=\"tmm_member\" style=\"border-top:#dd3333 solid 5px;\"><div class=\"tmm_photo tmm_pic_izvrsni-odbor_5\" style=\"background: url(http:\/\/kohom.hr\/mm\/wp-content\/uploads\/davorkaviber_image_2024-10-21_09-34-37-537-proslo-kroz-Topaz.jpeg); margin-left: auto; margin-right:auto; background-size:cover !important;\"><\/div><div class=\"tmm_textblock\"><div class=\"tmm_names\"><span class=\"tmm_fname\">Davorka<\/span> <span class=\"tmm_lname\">Do\u0161en-Mrak<\/span><\/div><div class=\"tmm_job\">\u010clanica Izvr\u0161nog odbora<\/div><div class=\"tmm_desc\" style=\"text-align:\">Ro\u0111ena je 1971. godine. Specijalistica je obiteljske medicine, a \u017eivi i radi u Zagrebu. Dugogodi\u0161nja je aktivistica i \u010dlanica KoHOM-a, koordinatorica je KoHOM-a za DZ Zagreb - Istok. Od 2024. godine delegat je u Skup\u0161tini Hrvatske lije\u010dni\u010dke komore. Od listopada 2024. godine \u010dlanica je Izvr\u0161nog odbora KoHOM-a.<\/div><div class=\"tmm_scblock\"><\/div><\/div><\/div><span class=\"tmm_two_containers_tablet\"><\/span><\/div><span class=\"tmm_columns_containers_desktop\"><\/span><div class=\"tmm_container\"><div class=\"tmm_member\" style=\"border-top:#dd3333 solid 5px;\"><div class=\"tmm_photo tmm_pic_izvrsni-odbor_6\" style=\"background: url(http:\/\/kohom.hr\/mm\/wp-content\/uploads\/Fotografija-autora-Magdalena-Sobar.jpg); margin-left: auto; margin-right:auto; background-size:cover !important;\"><\/div><div class=\"tmm_textblock\"><div class=\"tmm_names\"><span class=\"tmm_fname\">Magdalena<\/span> <span class=\"tmm_lname\">\u0160obar<\/span><\/div><div class=\"tmm_job\">\u010clanica Izvr\u0161nog odbora<\/div><div class=\"tmm_desc\" style=\"text-align:\">Ro\u0111ena je 1986.g. u Zagrebu. Specijalistica je obiteljske medicine, radi u Rugvici. Dugogodi\u0161nja je \u010dlanica KoHOM-a, dopredsjednica podru\u017enice KoHOM-a Zagreba\u010dke \u017eupanije. U uredni\u0161tvu je \u010dasopisa FaMa. \u010clanica je Inicijative mladih lije\u010dnika. Od srpnja 2024.g. predsjednica je \u017eupanijskog povjerenstva HLK i delegat u Skup\u0161tini HLK. Od listopada 2024. \u010dlanica je Izvr\u0161nog odbora KoHOM-a.<\/div><div class=\"tmm_scblock\"><\/div><\/div><\/div><div style=\"clear:both;\"><\/div><\/div><\/div><\/div>\n","protected":false},"excerpt":{"rendered":"","protected":false},"author":1,"featured_media":0,"parent":0,"menu_order":0,"comment_status":"closed","ping_status":"closed","template":"","meta":{"jetpack_post_was_ever_published":true,"footnotes":""},"jetpack_shortlink":"https:\/\/wp.me\/P13bms-8","jetpack_sharing_enabled":true,"_links":{"self":[{"href":"http:\/\/kohom.hr\/mm\/index.php?rest_route=\/wp\/v2\/pages\/8"}],"collection":[{"href":"http:\/\/kohom.hr\/mm\/index.php?rest_route=\/wp\/v2\/pages"}],"about":[{"href":"http:\/\/kohom.hr\/mm\/index.php?rest_route=\/wp\/v2\/types\/page"}],"author":[{"embeddable":true,"href":"http:\/\/kohom.hr\/mm\/index.php?rest_route=\/wp\/v2\/users\/1"}],"replies":[{"embeddable":true,"href":"http:\/\/kohom.hr\/mm\/index.php?rest_route=%2Fwp%2Fv2%2Fcomments&post=8"}],"version-history":[{"count":15,"href":"http:\/\/kohom.hr\/mm\/index.php?rest_route=\/wp\/v2\/pages\/8\/revisions"}],"predecessor-version":[{"id":9949,"href":"http:\/\/kohom.hr\/mm\/index.php?rest_route=\/wp\/v2\/pages\/8\/revisions\/9949"}],"wp:attachment":[{"href":"http:\/\/kohom.hr\/mm\/index.php?rest_route=%2Fwp%2Fv2%2Fmedia&parent=8"}],"curies":[{"name":"wp","href":"https:\/\/api.w.org\/{rel}","templated":true}]}}