{"id":8729,"date":"2021-01-20T12:24:35","date_gmt":"2021-01-20T11:24:35","guid":{"rendered":"http:\/\/kohom.hr\/mm\/?page_id=8729"},"modified":"2024-10-19T10:06:54","modified_gmt":"2024-10-19T08:06:54","slug":"pristupnica","status":"publish","type":"page","link":"http:\/\/kohom.hr\/mm\/?page_id=8729","title":{"rendered":"U\u010cLANJENJE"},"content":{"rendered":"<p><strong>U\u010dlanjenje u KoHOM:<\/strong><\/p>\n<ol>\n<li><strong>Ispunite online pristupnicu<\/strong> za u\u010dlanjenje u KoHOM\u00a0 \u00a0 \u00a0 \u00a0 \u00a0 \u00a0<em>(slijedi ni\u017ee na stranici)<\/em><\/li>\n<li><strong>Uplatite godi\u0161nju \u010dlanarinu<\/strong> na \u017eiro ra\u010dun KoHOM-a u HPB, <strong>IBAN: HR2423900011100368312<\/strong>\n<ul>\n<li>iznos:\u00a0 \u00a0 \u00a0 &#8211;\u00a0 <strong>80\u20ac<\/strong> za privatne ordinacije<br \/>\n<strong>\u00a0 \u00a0 \u00a0 \u00a0 \u00a0 \u00a0 \u00a0 \u00a0 &#8211;\u00a0 40\u20ac<\/strong> za domske doktore i mla\u0111e od 35 godina<br \/>\n<strong>\u00a0 \u00a0 \u00a0 \u00a0 \u00a0 \u00a0 \u00a0 \u00a0 &#8211;\u00a0 7\u20ac<\/strong> za umirovljenike<\/li>\n<li>kao poziv na broj upi\u0161ite svoj OIB<\/li>\n<li>svrha: Ime i prezime, \u010dlanarina KoHOM<\/li>\n<\/ul>\n<\/li>\n<\/ol>\n<p>&nbsp;<\/p>\n<p><strong>= = = = = = = =\u00a0 ONLINE PRISTUPNICA\u00a0 = = = = = = = =<\/strong><\/p>\n<div class=\"wpforms-container wpforms-container-full wpforms-render-modern\" id=\"wpforms-9921\"><form id=\"wpforms-form-9921\" class=\"wpforms-validate wpforms-form wpforms-ajax-form\" data-formid=\"9921\" method=\"post\" enctype=\"multipart\/form-data\" action=\"\/mm\/index.php?rest_route=%2Fwp%2Fv2%2Fpages%2F8729\" data-token=\"b81dcc1fe3e4f09316b8e1d8132ae1c9\" data-token-time=\"1776420383\"><noscript class=\"wpforms-error-noscript\">Please enable JavaScript in your browser to complete this form.<\/noscript><div class=\"wpforms-hidden\" id=\"wpforms-error-noscript\">Please enable JavaScript in your browser to complete this form.<\/div><div class=\"wpforms-field-container\"><div id=\"wpforms-9921-field_18-container\" class=\"wpforms-field wpforms-field-name\" data-field-id=\"18\"><label class=\"wpforms-field-label\" for=\"wpforms-9921-field_18\">Ime i prezime <span class=\"wpforms-required-label\" aria-hidden=\"true\">*<\/span><\/label><input type=\"text\" id=\"wpforms-9921-field_18\" class=\"wpforms-field-medium wpforms-field-required\" name=\"wpforms[fields][18]\" aria-errormessage=\"wpforms-9921-field_18-error\" required><\/div><div id=\"wpforms-9921-field_7-container\" class=\"wpforms-field wpforms-field-text\" data-field-id=\"7\"><label class=\"wpforms-field-label\" for=\"wpforms-9921-field_7\">OIB <span class=\"wpforms-required-label\" aria-hidden=\"true\">*<\/span><\/label><input type=\"text\" id=\"wpforms-9921-field_7\" class=\"wpforms-field-small wpforms-field-required wpforms-limit-characters-enabled\" data-form-id=\"9921\" data-field-id=\"7\" data-text-limit=\"11\" name=\"wpforms[fields][7]\" aria-errormessage=\"wpforms-9921-field_7-error\" maxlength=\"11\" required><\/div><div id=\"wpforms-9921-field_29-container\" class=\"wpforms-field wpforms-field-text\" data-field-id=\"29\"><label class=\"wpforms-field-label\" for=\"wpforms-9921-field_29\">Datum ro\u0111enja <span class=\"wpforms-required-label\" aria-hidden=\"true\">*<\/span><\/label><input type=\"text\" id=\"wpforms-9921-field_29\" class=\"wpforms-field-small wpforms-field-required\" name=\"wpforms[fields][29]\" placeholder=\"dd.mm.gggg.\" aria-errormessage=\"wpforms-9921-field_29-error\" required><\/div><div id=\"wpforms-9921-field_4-container\" class=\"wpforms-field wpforms-field-text\" data-field-id=\"4\"><label class=\"wpforms-field-label\" for=\"wpforms-9921-field_4\">Adresa stanovanja <span class=\"wpforms-required-label\" aria-hidden=\"true\">*<\/span><\/label><input type=\"text\" id=\"wpforms-9921-field_4\" class=\"wpforms-field-large wpforms-field-required\" name=\"wpforms[fields][4]\" aria-errormessage=\"wpforms-9921-field_4-error\" aria-describedby=\"wpforms-9921-field_4-description\" required><div id=\"wpforms-9921-field_4-description\" class=\"wpforms-field-description\">Adresa i ku\u0107ni broj, po\u0161tanski broj i mjesto<\/div><\/div><div id=\"wpforms-9921-field_8-container\" class=\"wpforms-field wpforms-field-text\" data-field-id=\"8\"><label class=\"wpforms-field-label\" for=\"wpforms-9921-field_8\">Adresa ordinacije <span class=\"wpforms-required-label\" aria-hidden=\"true\">*<\/span><\/label><input type=\"text\" id=\"wpforms-9921-field_8\" class=\"wpforms-field-large wpforms-field-required\" name=\"wpforms[fields][8]\" aria-errormessage=\"wpforms-9921-field_8-error\" aria-describedby=\"wpforms-9921-field_8-description\" required><div id=\"wpforms-9921-field_8-description\" class=\"wpforms-field-description\">Adresa i ku\u0107ni broj, po\u0161tanski broj i mjesto<\/div><\/div><div id=\"wpforms-9921-field_9-container\" class=\"wpforms-field wpforms-field-radio\" data-field-id=\"9\"><fieldset><legend class=\"wpforms-field-label\">Specijalizacija iz obiteljske medicine <span class=\"wpforms-required-label\" aria-hidden=\"true\">*<\/span><\/legend><ul id=\"wpforms-9921-field_9\" class=\"wpforms-field-required\"><li class=\"choice-1 depth-1\"><input type=\"radio\" id=\"wpforms-9921-field_9_1\" name=\"wpforms[fields][9]\" value=\"DA\" aria-errormessage=\"wpforms-9921-field_9_1-error\" required ><label class=\"wpforms-field-label-inline\" for=\"wpforms-9921-field_9_1\">DA<\/label><\/li><li class=\"choice-2 depth-1\"><input type=\"radio\" id=\"wpforms-9921-field_9_2\" name=\"wpforms[fields][9]\" value=\"NE\" aria-errormessage=\"wpforms-9921-field_9_2-error\" required ><label class=\"wpforms-field-label-inline\" for=\"wpforms-9921-field_9_2\">NE<\/label><\/li><\/ul><\/fieldset><\/div><div id=\"wpforms-9921-field_10-container\" class=\"wpforms-field wpforms-field-text\" data-field-id=\"10\"><label class=\"wpforms-field-label\" for=\"wpforms-9921-field_10\">Druga specijalizacija<\/label><input type=\"text\" id=\"wpforms-9921-field_10\" class=\"wpforms-field-medium\" name=\"wpforms[fields][10]\" aria-errormessage=\"wpforms-9921-field_10-error\" aria-describedby=\"wpforms-9921-field_10-description\" ><div id=\"wpforms-9921-field_10-description\" class=\"wpforms-field-description\">Navesti ako imate specijalizaciju iz druge grane medicine<\/div><\/div><div id=\"wpforms-9921-field_11-container\" class=\"wpforms-field wpforms-field-radio\" data-field-id=\"11\"><fieldset><legend class=\"wpforms-field-label\">Radni status <span class=\"wpforms-required-label\" aria-hidden=\"true\">*<\/span><\/legend><ul id=\"wpforms-9921-field_11\" class=\"wpforms-field-required\"><li class=\"choice-1 depth-1\"><input type=\"radio\" id=\"wpforms-9921-field_11_1\" name=\"wpforms[fields][11]\" value=\"zaposlenik DZ-a \/ zdravstvene ustanove\" aria-errormessage=\"wpforms-9921-field_11_1-error\" required ><label class=\"wpforms-field-label-inline\" for=\"wpforms-9921-field_11_1\">zaposlenik DZ-a \/ zdravstvene ustanove<\/label><\/li><li class=\"choice-2 depth-1\"><input type=\"radio\" id=\"wpforms-9921-field_11_2\" name=\"wpforms[fields][11]\" value=\"privatna praksa\" aria-errormessage=\"wpforms-9921-field_11_2-error\" required ><label class=\"wpforms-field-label-inline\" for=\"wpforms-9921-field_11_2\">privatna praksa<\/label><\/li><li class=\"choice-3 depth-1\"><input type=\"radio\" id=\"wpforms-9921-field_11_3\" name=\"wpforms[fields][11]\" value=\"ostali oblik rada (fakultet i sl.)\" aria-errormessage=\"wpforms-9921-field_11_3-error\" required ><label class=\"wpforms-field-label-inline\" for=\"wpforms-9921-field_11_3\">ostali oblik rada (fakultet i sl.)<\/label><\/li><li class=\"choice-5 depth-1\"><input type=\"radio\" id=\"wpforms-9921-field_11_5\" name=\"wpforms[fields][11]\" value=\"umirovljenik\/ca\" aria-errormessage=\"wpforms-9921-field_11_5-error\" required ><label class=\"wpforms-field-label-inline\" for=\"wpforms-9921-field_11_5\">umirovljenik\/ca<\/label><\/li><\/ul><\/fieldset><\/div><div id=\"wpforms-9921-field_12-container\" class=\"wpforms-field wpforms-field-radio\" data-field-id=\"12\"><fieldset><legend class=\"wpforms-field-label\">Vlasni\u0161to ordinacije <span class=\"wpforms-required-label\" aria-hidden=\"true\">*<\/span><\/legend><ul id=\"wpforms-9921-field_12\" class=\"wpforms-field-required\"><li class=\"choice-1 depth-1\"><input type=\"radio\" id=\"wpforms-9921-field_12_1\" name=\"wpforms[fields][12]\" value=\"DZ\" aria-errormessage=\"wpforms-9921-field_12_1-error\" required ><label class=\"wpforms-field-label-inline\" for=\"wpforms-9921-field_12_1\">DZ<\/label><\/li><li class=\"choice-2 depth-1\"><input type=\"radio\" id=\"wpforms-9921-field_12_2\" name=\"wpforms[fields][12]\" value=\"privatni prostor\" aria-errormessage=\"wpforms-9921-field_12_2-error\" required ><label class=\"wpforms-field-label-inline\" for=\"wpforms-9921-field_12_2\">privatni prostor<\/label><\/li><li class=\"choice-3 depth-1\"><input type=\"radio\" id=\"wpforms-9921-field_12_3\" name=\"wpforms[fields][12]\" value=\"ostalo\" aria-errormessage=\"wpforms-9921-field_12_3-error\" required ><label class=\"wpforms-field-label-inline\" for=\"wpforms-9921-field_12_3\">ostalo<\/label><\/li><li class=\"choice-4 depth-1\"><input type=\"radio\" id=\"wpforms-9921-field_12_4\" name=\"wpforms[fields][12]\" value=\"umirovljenik\" aria-errormessage=\"wpforms-9921-field_12_4-error\" required ><label class=\"wpforms-field-label-inline\" for=\"wpforms-9921-field_12_4\">umirovljenik<\/label><\/li><\/ul><\/fieldset><\/div><div id=\"wpforms-9921-field_28-container\" class=\"wpforms-field wpforms-field-text\" data-field-id=\"28\"><label class=\"wpforms-field-label\" for=\"wpforms-9921-field_28\">Mobitel <span class=\"wpforms-required-label\" aria-hidden=\"true\">*<\/span><\/label><input type=\"text\" id=\"wpforms-9921-field_28\" class=\"wpforms-field-medium wpforms-field-required\" name=\"wpforms[fields][28]\" aria-errormessage=\"wpforms-9921-field_28-error\" aria-describedby=\"wpforms-9921-field_28-description\" required><div id=\"wpforms-9921-field_28-description\" class=\"wpforms-field-description\">Upi\u0161ite broj svog mobitela<\/div><\/div><div id=\"wpforms-9921-field_15-container\" class=\"wpforms-field wpforms-field-email\" data-field-id=\"15\"><label class=\"wpforms-field-label\" for=\"wpforms-9921-field_15\">E-mail adresa <span class=\"wpforms-required-label\" aria-hidden=\"true\">*<\/span><\/label><input type=\"email\" id=\"wpforms-9921-field_15\" class=\"wpforms-field-medium wpforms-field-required\" name=\"wpforms[fields][15]\" spellcheck=\"false\" aria-errormessage=\"wpforms-9921-field_15-error\" aria-describedby=\"wpforms-9921-field_15-description\" required><div id=\"wpforms-9921-field_15-description\" class=\"wpforms-field-description\">upi\u0161ite e-mail adresu koju koristite i kojoj imate stalni pristup<\/div><\/div><div id=\"wpforms-9921-field_16-container\" class=\"wpforms-field wpforms-field-select wpforms-field-select-style-modern\" data-field-id=\"16\"><label class=\"wpforms-field-label\" for=\"wpforms-9921-field_16\">Kategorija \u010dlanstva <span class=\"wpforms-required-label\" aria-hidden=\"true\">*<\/span><\/label><select id=\"wpforms-9921-field_16\" class=\"wpforms-field-medium wpforms-field-required choicesjs-select\" data-size-class=\"wpforms-field-row wpforms-field-medium\" data-search-enabled=\"\" name=\"wpforms[fields][16]\" required=\"required\"><option value=\"\" class=\"placeholder\" disabled >redoviti \u010dlan<\/option><option value=\"redoviti \u010dlan\"  selected='selected'>redoviti \u010dlan<\/option><option value=\"podupiru\u0107i \u010dlan\" >podupiru\u0107i \u010dlan<\/option><option value=\"po\u010dasni \u010dlan\" >po\u010dasni \u010dlan<\/option><\/select><\/div><div id=\"wpforms-9921-field_17-container\" class=\"wpforms-field wpforms-field-text\" data-field-id=\"17\"><label class=\"wpforms-field-label\" for=\"wpforms-9921-field_17\">Mjesto i datum pristupanja KoHOM-u <span class=\"wpforms-required-label\" aria-hidden=\"true\">*<\/span><\/label><input type=\"text\" id=\"wpforms-9921-field_17\" class=\"wpforms-field-medium wpforms-field-required\" name=\"wpforms[fields][17]\" aria-errormessage=\"wpforms-9921-field_17-error\" aria-describedby=\"wpforms-9921-field_17-description\" required><div id=\"wpforms-9921-field_17-description\" class=\"wpforms-field-description\">Mjesto, datum<\/div><\/div><div id=\"wpforms-9921-field_27-container\" class=\"wpforms-field wpforms-field-select wpforms-field-select-style-classic\" data-field-id=\"27\"><label class=\"wpforms-field-label\" for=\"wpforms-9921-field_27\">Godi\u0161nja \u010dlanarina <span class=\"wpforms-required-label\" aria-hidden=\"true\">*<\/span><\/label><select id=\"wpforms-9921-field_27\" class=\"wpforms-field-large wpforms-field-required\" name=\"wpforms[fields][27]\" required=\"required\"><option value=\"Lije\u010dnici u privatnoj praksi stariji od 35 godina - 80\u20ac\" >Lije\u010dnici u privatnoj praksi stariji od 35 godina - 80\u20ac<\/option><option value=\"Zaposlenici DZ-a ili kod drugog poslodavca te svi lije\u010dnici mla\u0111i od 35 godina - 40\u20ac\" >Zaposlenici DZ-a ili kod drugog poslodavca te svi lije\u010dnici mla\u0111i od 35 godina - 40\u20ac<\/option><option value=\"Umirovljenici - 7\u20ac\" >Umirovljenici - 7\u20ac<\/option><\/select><div id=\"wpforms-9921-field_27-description\" class=\"wpforms-field-description\">Da biste dovr\u0161ili u\u010dlanjenje u KoHOM morate uplatiti iznos godi\u0161nje \u010dlanarine na KoHOM-ov IBAN: HR2423900011100368312\r\n<\/div><\/div><div id=\"wpforms-9921-field_30-container\" class=\"wpforms-field wpforms-field-checkbox\" data-field-id=\"30\"><fieldset><legend class=\"wpforms-field-label\">Ovime potvr\u0111ujem da sam upoznat s odredbama Statuta KoHOM-a te da \u0107u po\u0161tivati Statut i druge pravne akte udruge, Tijela KoHOM-a i odluke koje donose Tijela KoHOM-a. <span class=\"wpforms-required-label\" aria-hidden=\"true\">*<\/span><\/legend><ul id=\"wpforms-9921-field_30\" class=\"wpforms-field-required\"><li class=\"choice-3 depth-1\"><input type=\"checkbox\" id=\"wpforms-9921-field_30_3\" name=\"wpforms[fields][30][]\" value=\"Potvr\u0111ujem\" aria-errormessage=\"wpforms-9921-field_30_3-error\" required ><label class=\"wpforms-field-label-inline\" for=\"wpforms-9921-field_30_3\">Potvr\u0111ujem<\/label><\/li><\/ul><\/fieldset><\/div><div id=\"wpforms-9921-field_31-container\" class=\"wpforms-field wpforms-field-checkbox\" data-field-id=\"31\"><fieldset><legend class=\"wpforms-field-label\">Ispunjavanjem online pristupnice za u\u010dlanjenje u Koordinaciju hrvatske obiteljske medicine (KoHOM) dajete privolu za prikupljanje i obradu podataka iz pristupnice u svrhu vo\u0111enja odgovaraju\u0107ih evidencija o \u010dlanstvu u udruzi, sukladno odredbama Zakona o udrugama (NN 74\/14, 70\/17, 98\/19, 151\/22), i ostvarivanja prava i obveza iz Statuta i drugih pravnih akata KoHOM-a, te u svrhu ostvarivanja legitimnih interesa sukladno odredbama Op\u0107e uredbe o za\u0161titi podataka (EU 2016\/679) odnosno kontaktiranja i kori\u0161tenja ustupljenih podataka u marketin\u0161kim aktivnostima KoHOM-a. Prikupljeni podaci obra\u0111ivat \u0107e se sukladno odredbama Op\u0107e uredbe o za\u0161titi podataka te Zakonu o primjeni Op\u0107e uredbe o za\u0161titi podataka (NN 42\/18). <span class=\"wpforms-required-label\" aria-hidden=\"true\">*<\/span><\/legend><ul id=\"wpforms-9921-field_31\" class=\"wpforms-field-required\"><li class=\"choice-3 depth-1\"><input type=\"checkbox\" id=\"wpforms-9921-field_31_3\" name=\"wpforms[fields][31][]\" value=\"Dajem privolu\" aria-errormessage=\"wpforms-9921-field_31_3-error\" required ><label class=\"wpforms-field-label-inline\" for=\"wpforms-9921-field_31_3\">Dajem privolu<\/label><\/li><\/ul><\/fieldset><\/div><\/div><!-- .wpforms-field-container --><div class=\"wpforms-submit-container\" ><input type=\"hidden\" name=\"wpforms[id]\" value=\"9921\"><input type=\"hidden\" name=\"page_title\" value=\"\"><input type=\"hidden\" name=\"page_url\" value=\"http:\/\/kohom.hr\/mm\/index.php?rest_route=%2Fwp%2Fv2%2Fpages%2F8729\"><button type=\"submit\" name=\"wpforms[submit]\" id=\"wpforms-submit-9921\" class=\"wpforms-submit\" data-alt-text=\"Slanje je u tijeku...\" data-submit-text=\"Po\u0161alji\" aria-live=\"assertive\" value=\"wpforms-submit\">Po\u0161alji<\/button><img decoding=\"async\" src=\"http:\/\/kohom.hr\/mm\/wp-content\/plugins\/wpforms-lite\/assets\/images\/submit-spin.svg\" class=\"wpforms-submit-spinner\" style=\"display: none;\" width=\"26\" height=\"26\" alt=\"Loading\"><\/div><\/form><\/div>  <!-- .wpforms-container -->\n<p>&nbsp;<\/p>\n<p><strong>Slanje pravilno i potpuno ispunjene online pristupnice, uz uplatu godi\u0161nje \u010dlanarine na ra\u010dun udruge, smatrat \u0107e se pravovaljanim na\u010dinom e-upisa u \u010dlanstvo udruge jednako kao da je pristupnica vlastoru\u010dno potpisana.<\/strong><\/p>\n<p>&nbsp;<\/p>\n","protected":false},"excerpt":{"rendered":"<p>U\u010dlanjenje u KoHOM: Ispunite online pristupnicu za u\u010dlanjenje u KoHOM\u00a0 \u00a0 \u00a0 \u00a0 \u00a0 \u00a0(slijedi ni\u017ee na stranici) Uplatite godi\u0161nju \u010dlanarinu na \u017eiro ra\u010dun KoHOM-a u HPB, IBAN: HR2423900011100368312 iznos:\u00a0 \u00a0 \u00a0 &#8211;\u00a0 80\u20ac za privatne ordinacije \u00a0 \u00a0 \u00a0 \u00a0 \u00a0 \u00a0 \u00a0 \u00a0 &#8211;\u00a0 40\u20ac za domske doktore i mla\u0111e od 35 godina &#8230;<\/p>\n","protected":false},"author":6,"featured_media":0,"parent":0,"menu_order":0,"comment_status":"closed","ping_status":"closed","template":"","meta":{"jetpack_post_was_ever_published":false,"footnotes":""},"jetpack_shortlink":"https:\/\/wp.me\/P13bms-2gN","jetpack_sharing_enabled":true,"_links":{"self":[{"href":"http:\/\/kohom.hr\/mm\/index.php?rest_route=\/wp\/v2\/pages\/8729"}],"collection":[{"href":"http:\/\/kohom.hr\/mm\/index.php?rest_route=\/wp\/v2\/pages"}],"about":[{"href":"http:\/\/kohom.hr\/mm\/index.php?rest_route=\/wp\/v2\/types\/page"}],"author":[{"embeddable":true,"href":"http:\/\/kohom.hr\/mm\/index.php?rest_route=\/wp\/v2\/users\/6"}],"replies":[{"embeddable":true,"href":"http:\/\/kohom.hr\/mm\/index.php?rest_route=%2Fwp%2Fv2%2Fcomments&post=8729"}],"version-history":[{"count":18,"href":"http:\/\/kohom.hr\/mm\/index.php?rest_route=\/wp\/v2\/pages\/8729\/revisions"}],"predecessor-version":[{"id":9934,"href":"http:\/\/kohom.hr\/mm\/index.php?rest_route=\/wp\/v2\/pages\/8729\/revisions\/9934"}],"wp:attachment":[{"href":"http:\/\/kohom.hr\/mm\/index.php?rest_route=%2Fwp%2Fv2%2Fmedia&parent=8729"}],"curies":[{"name":"wp","href":"https:\/\/api.w.org\/{rel}","templated":true}]}}