{"id":9490,"date":"2023-06-26T11:32:43","date_gmt":"2023-06-26T09:32:43","guid":{"rendered":"http:\/\/kohom.hr\/mm\/?page_id=9490"},"modified":"2024-10-05T23:53:55","modified_gmt":"2024-10-05T21:53:55","slug":"dopisi-i-odgovori","status":"publish","type":"page","link":"http:\/\/kohom.hr\/mm\/?page_id=9490","title":{"rendered":"DOPISI"},"content":{"rendered":"<p><strong>Na sljede\u0107im stranicama mo\u017eete prona\u0107i:<br \/>\n<\/strong><em>(kliknuti na \u017eeljenu rubriku)<\/em><\/p>\n<p>&nbsp;<\/p>\n<ul>\n<li><strong><a href=\"https:\/\/kohom.hr\/mm\/?page_id=9848\">Dopise koje je KoHOM slao zdravstvenoj administraciji i drugim institucijama<\/a><br \/>\n<\/strong><\/li>\n<\/ul>\n<p>&nbsp;<\/p>\n<ul>\n<li><strong><a href=\"https:\/\/kohom.hr\/mm\/?page_id=9849\">Odgovore i tuma\u010denja HZZO-a, MiZ-a i drugih institucija<\/a><\/strong><\/li>\n<\/ul>\n<p>&nbsp;<\/p>\n","protected":false},"excerpt":{"rendered":"<p>Na sljede\u0107im stranicama mo\u017eete prona\u0107i: (kliknuti na \u017eeljenu rubriku) &nbsp; Dopise koje je KoHOM slao zdravstvenoj administraciji i drugim institucijama &nbsp; Odgovore i tuma\u010denja HZZO-a, MiZ-a i drugih institucija &nbsp;<\/p>\n","protected":false},"author":6,"featured_media":0,"parent":0,"menu_order":3,"comment_status":"closed","ping_status":"closed","template":"","meta":{"jetpack_post_was_ever_published":false,"footnotes":""},"jetpack_shortlink":"https:\/\/wp.me\/P13bms-2t4","jetpack_sharing_enabled":true,"_links":{"self":[{"href":"http:\/\/kohom.hr\/mm\/index.php?rest_route=\/wp\/v2\/pages\/9490"}],"collection":[{"href":"http:\/\/kohom.hr\/mm\/index.php?rest_route=\/wp\/v2\/pages"}],"about":[{"href":"http:\/\/kohom.hr\/mm\/index.php?rest_route=\/wp\/v2\/types\/page"}],"author":[{"embeddable":true,"href":"http:\/\/kohom.hr\/mm\/index.php?rest_route=\/wp\/v2\/users\/6"}],"replies":[{"embeddable":true,"href":"http:\/\/kohom.hr\/mm\/index.php?rest_route=%2Fwp%2Fv2%2Fcomments&post=9490"}],"version-history":[{"count":27,"href":"http:\/\/kohom.hr\/mm\/index.php?rest_route=\/wp\/v2\/pages\/9490\/revisions"}],"predecessor-version":[{"id":9861,"href":"http:\/\/kohom.hr\/mm\/index.php?rest_route=\/wp\/v2\/pages\/9490\/revisions\/9861"}],"wp:attachment":[{"href":"http:\/\/kohom.hr\/mm\/index.php?rest_route=%2Fwp%2Fv2%2Fmedia&parent=9490"}],"curies":[{"name":"wp","href":"https:\/\/api.w.org\/{rel}","templated":true}]}}