{"id":9832,"date":"2024-10-05T21:26:58","date_gmt":"2024-10-05T19:26:58","guid":{"rendered":"https:\/\/kohom.hr\/mm\/?page_id=9832"},"modified":"2024-11-16T04:13:55","modified_gmt":"2024-11-16T03:13:55","slug":"mirovno-vijece","status":"publish","type":"page","link":"http:\/\/kohom.hr\/mm\/?page_id=9832","title":{"rendered":"MIROVNO VIJE\u0106E"},"content":{"rendered":"<div class=\"tmm tmm_mirovno-vijece\"><div class=\"tmm_3_columns tmm_wrap tmm_plugin_f\"><span class=\"tmm_two_containers_tablet\"><\/span><div class=\"tmm_container\"><div class=\"tmm_member\" style=\"border-top:#dd3333 solid 5px;\"><div class=\"tmm_photo tmm_pic_mirovno-vijece_0\" style=\"background: url(http:\/\/kohom.hr\/mm\/wp-content\/uploads\/Vjekoslava-Amerl-Sakic.jpg); margin-left: auto; margin-right:auto; background-size:cover !important;\"><\/div><div class=\"tmm_textblock\"><div class=\"tmm_names\"><span class=\"tmm_fname\">Vjekoslava<\/span> <span class=\"tmm_lname\">Amerl \u0160aki\u0107<\/span><\/div><div class=\"tmm_job\">Predsjednica Mirovnog vije\u0107a<\/div><div class=\"tmm_desc\" style=\"text-align:\">Vjekoslava Amerl \u0160aki\u0107 specijalizirala je \u0161kolsku, pa nakon toga i obiteljsku medicinu. Radi ve\u0107 gotovo 42 godine u Zagrebu. Jedna je od suosniva\u010da KoHOM-a, u nekoliko mandata \u010dlanica Izvr\u0161nog odbora, a u zadnje vrijeme Mirovnog vije\u0107a. Glavni je mentor specijalizanata koji su joj uz unuke trenutno najve\u0107e veselje, a rad s njima omogu\u0107ava joj da potisne svakodnevnu borbu s vjetrenja\u010dama u vidu zdravstvene administracije.<\/div><div class=\"tmm_scblock\"><\/div><\/div><\/div><div class=\"tmm_member\" style=\"border-top:#dd3333 solid 5px;\"><div class=\"tmm_photo tmm_pic_mirovno-vijece_1\" style=\"background: url(http:\/\/kohom.hr\/mm\/wp-content\/uploads\/Vesna-Tabak.jpg); margin-left: auto; margin-right:auto; background-size:cover !important;\"><\/div><div class=\"tmm_textblock\"><div class=\"tmm_names\"><span class=\"tmm_fname\">Vesna<\/span> <span class=\"tmm_lname\">Tabak<\/span><\/div><div class=\"tmm_job\">\u010clanica Mirovnog vije\u0107a<\/div><div class=\"tmm_desc\" style=\"text-align:\">\u017divi i radi u Zagrebu, specijalist je obiteljske medicine, komentor je ve\u0107 niz godina specijalizantima obiteljske medicine. Nakon zavr\u0161enog studija, prve tri godine radi u Domu zdravlja u Kri\u017eevcima, pa zatim u Domu zdravlja Medve\u0161\u010dak. Od 1997. godine je koncesionar. 2005. godine je zavr\u0161ila specijalizaciju iz obiteljske medicine. \u010clanica je KOHOM-a od njegovih po\u010detaka. \u010clanica je Skup\u0161tine HLK i Povjerenstva za medicinsku etiku i deontologiju HLK.<\/div><div class=\"tmm_scblock\"><\/div><\/div><\/div><span class=\"tmm_two_containers_tablet\"><\/span><div class=\"tmm_member\" style=\"border-top:#dd3333 solid 5px;\"><div class=\"tmm_photo tmm_pic_mirovno-vijece_2\" style=\"background: url(http:\/\/kohom.hr\/mm\/wp-content\/uploads\/Zrinko-Karlovic1.jpg); margin-left: auto; margin-right:auto; background-size:cover !important;\"><\/div><div class=\"tmm_textblock\"><div class=\"tmm_names\"><span class=\"tmm_fname\">Zrinko<\/span> <span class=\"tmm_lname\">Karlovi\u0107<\/span><\/div><div class=\"tmm_job\">\u010clan Mirovnog vije\u0107a<\/div><div class=\"tmm_desc\" style=\"text-align:\">Ro\u0111en je 1958. u Zagrebu, a gotovo cijeli radni vijek proveo je u Me\u0111imurju gdje je bio i predsjednik \u017eupanijske podru\u017enice KoHOM-a, \u010diji je \u010dlan od osnutka. Od formiranja stalni je \u010dlan Mirovnog vije\u0107a. Specijalist je op\u0107e medicine, od 2023. u nemirnoj mirovini.<\/div><div class=\"tmm_scblock\"><\/div><\/div><\/div><div style=\"clear:both;\"><\/div><\/div><\/div><\/div>\n","protected":false},"excerpt":{"rendered":"","protected":false},"author":6,"featured_media":0,"parent":0,"menu_order":0,"comment_status":"closed","ping_status":"closed","template":"","meta":{"jetpack_post_was_ever_published":false,"footnotes":""},"jetpack_shortlink":"https:\/\/wp.me\/P13bms-2yA","jetpack_sharing_enabled":true,"_links":{"self":[{"href":"http:\/\/kohom.hr\/mm\/index.php?rest_route=\/wp\/v2\/pages\/9832"}],"collection":[{"href":"http:\/\/kohom.hr\/mm\/index.php?rest_route=\/wp\/v2\/pages"}],"about":[{"href":"http:\/\/kohom.hr\/mm\/index.php?rest_route=\/wp\/v2\/types\/page"}],"author":[{"embeddable":true,"href":"http:\/\/kohom.hr\/mm\/index.php?rest_route=\/wp\/v2\/users\/6"}],"replies":[{"embeddable":true,"href":"http:\/\/kohom.hr\/mm\/index.php?rest_route=%2Fwp%2Fv2%2Fcomments&post=9832"}],"version-history":[{"count":3,"href":"http:\/\/kohom.hr\/mm\/index.php?rest_route=\/wp\/v2\/pages\/9832\/revisions"}],"predecessor-version":[{"id":10001,"href":"http:\/\/kohom.hr\/mm\/index.php?rest_route=\/wp\/v2\/pages\/9832\/revisions\/10001"}],"wp:attachment":[{"href":"http:\/\/kohom.hr\/mm\/index.php?rest_route=%2Fwp%2Fv2%2Fmedia&parent=9832"}],"curies":[{"name":"wp","href":"https:\/\/api.w.org\/{rel}","templated":true}]}}