{"id":14,"date":"2009-12-10T10:34:23","date_gmt":"2009-12-10T10:34:23","guid":{"rendered":"http:\/\/kohom.hr\/mm\/?page_id=14"},"modified":"2024-10-24T00:44:32","modified_gmt":"2024-10-23T22:44:32","slug":"dokumenti","status":"publish","type":"page","link":"https:\/\/kohom.hr\/mm\/?page_id=14","title":{"rendered":"Dokumenti"},"content":{"rendered":"<p><strong>&#8211; <a href=\"http:\/\/kohom.hr\/mm\/wp-content\/uploads\/deklaracija_kohom362804524.pdf\">Deklaracija Udruge KoHOM<\/a><\/strong><\/p>\n<p><strong>&#8211;\u00a0<a href=\"http:\/\/kohom.hr\/mm\/wp-content\/uploads\/Statut-KoHOM-a-pro\u010di\u0161\u0107eni-tekst2023.pdf\">Statut KoHOM-a<\/a><\/strong><\/p>\n<p><strong>&#8211; <a href=\"http:\/\/kohom.hr\/mm\/wp-content\/uploads\/Poslovnik-o-radu-Skupstine-KoHOM-a-17_9_2024.pdf\">Poslovnik o radu Skup\u0161tine<\/a><\/strong><\/p>\n<p><strong>&#8211; <a href=\"http:\/\/kohom.hr\/mm\/wp-content\/uploads\/Pravilnik-o-radu-Mirovnog-vije\u0107a-KoHOM-a_FINAL.pdf\">Pravilnik o radu Mirovnog Vije\u0107a<\/a><\/strong><\/p>\n<p>&nbsp;<\/p>\n","protected":false},"excerpt":{"rendered":"<p>&#8211; Deklaracija Udruge KoHOM &#8211;\u00a0Statut KoHOM-a &#8211; Poslovnik o radu Skup\u0161tine &#8211; Pravilnik o radu Mirovnog Vije\u0107a &nbsp;<\/p>\n","protected":false},"author":1,"featured_media":0,"parent":6,"menu_order":3,"comment_status":"closed","ping_status":"open","template":"","meta":{"jetpack_post_was_ever_published":false,"footnotes":""},"jetpack_shortlink":"https:\/\/wp.me\/P13bms-e","jetpack_sharing_enabled":true,"_links":{"self":[{"href":"https:\/\/kohom.hr\/mm\/index.php?rest_route=\/wp\/v2\/pages\/14"}],"collection":[{"href":"https:\/\/kohom.hr\/mm\/index.php?rest_route=\/wp\/v2\/pages"}],"about":[{"href":"https:\/\/kohom.hr\/mm\/index.php?rest_route=\/wp\/v2\/types\/page"}],"author":[{"embeddable":true,"href":"https:\/\/kohom.hr\/mm\/index.php?rest_route=\/wp\/v2\/users\/1"}],"replies":[{"embeddable":true,"href":"https:\/\/kohom.hr\/mm\/index.php?rest_route=%2Fwp%2Fv2%2Fcomments&post=14"}],"version-history":[{"count":36,"href":"https:\/\/kohom.hr\/mm\/index.php?rest_route=\/wp\/v2\/pages\/14\/revisions"}],"predecessor-version":[{"id":9951,"href":"https:\/\/kohom.hr\/mm\/index.php?rest_route=\/wp\/v2\/pages\/14\/revisions\/9951"}],"up":[{"embeddable":true,"href":"https:\/\/kohom.hr\/mm\/index.php?rest_route=\/wp\/v2\/pages\/6"}],"wp:attachment":[{"href":"https:\/\/kohom.hr\/mm\/index.php?rest_route=%2Fwp%2Fv2%2Fmedia&parent=14"}],"curies":[{"name":"wp","href":"https:\/\/api.w.org\/{rel}","templated":true}]}}