{"id":8353,"date":"2020-05-10T13:27:28","date_gmt":"2020-05-10T11:27:28","guid":{"rendered":"http:\/\/kohom.hr\/mm\/?page_id=8353"},"modified":"2020-07-04T23:26:16","modified_gmt":"2020-07-04T21:26:16","slug":"blog-covid-19","status":"publish","type":"page","link":"https:\/\/kohom.hr\/mm\/?page_id=8353","title":{"rendered":"BLOG COVID-19"},"content":{"rendered":"<p>Dragi kolege obiteljski lije\u010dnici,<\/p>\n<p>po\u010detkom 2020. godine suo\u010dili smo se s pandemijom COVID 19 i potresom kakav Zagreb nije zabilje\u017eio unatrag 140 godina, a koji su nam donijeli posve novi na\u010din organizacije rada\u00a0i promi\u0161ljanja stru\u010dnog pristupa i stru\u010dnih rije\u0161enja, a bez ikakvog prethodnog iskustva i znanstvenih dokaza o optimalnom radu u ovakvim okolnostima na svjetskoj razini. Dodijeljena nam je velika uloga, ali posve kontradiktorno neprepoznat doprinos i mjesto u sustavu i zna\u010daju za pojedinca i zajednicu.<\/p>\n<p>Radimo kontinuirano, dosljedni u obrani i\u00a0ja\u010danju svoje struke i samosvijesti.<\/p>\n<p>Kako bismo zabilje\u017eili ovo izazovno vrijeme u kojem djelujemo, pozivamo vas da podijelimo na\u0161e pri\u010de iz svakodnevnog \u017eivota i rada kao obiteljskih lije\u010dnika &#8211; iz svih aspekata s kojima se susre\u0107emo &#8211; organizacija, financiranje, specifi\u010dni slu\u010dajevi, neo\u010dekivani problemi , svakodnevni rad s kroni\u010darima u novim okolnostima, de\u017eurstva, problemi s lokalnim mo\u0107nicima&#8230;. \u0161to god. Mo\u017ee u obliku male ili velike pri\u010de, pjesme, mo\u017ee i haiku. Stil &#8211; slobodan.<\/p>\n<p>Pri\u010de i autori su anonimni<\/p>\n<p>Zajedno mo\u017eemo stvoriti malu antologiju na\u0161eg rada u pandemiji i dobiti dobar uvid u snage, slabosti, prijetnje i mogu\u0107nosti u obiteljskoj medicini.<\/p>\n<p>&nbsp;<\/p>\n<p>Uredni\u0161tvo: IO KoHOM-a<\/p>\n<p>&nbsp;<\/p>\n<div class=\"pt-cv-wrapper\"><div class=\"pt-cv-view pt-cv-grid pt-cv-colsys pt-cv-pgregular\" id=\"pt-cv-view-52f3454ktd\"><div data-id=\"pt-cv-page-1\" class=\"pt-cv-page\" data-cvc=\"1\"><div class=\"col-md-12 col-sm-12 col-xs-12 pt-cv-content-item pt-cv-2-col\"  data-pid=\"9101\"><div class='pt-cv-ifield'><a href=\"https:\/\/kohom.hr\/mm\/?p=9101\" class=\"_self pt-cv-href-thumbnail pt-cv-thumb-left cvplbd\" target=\"_self\" ><img decoding=\"async\" width=\"100\" height=\"100\" style=\"max-height: 100px;\" src=\"https:\/\/kohom.hr\/mm\/wp-content\/plugins\/pt-content-views-pro\/public\/assets\/images\/default_image.png\" class=\"pt-cv-thumbnail img-shadow pull-left not-found no-lazyload \" alt=\"ZaGOVORNICA: \u201eNovo normalno\u201c ili \u201elije\u010dnik obiteljske medicine je magarac\u201c\" \/><\/a>\n<div class=\"pt-cv-colwrap\"><div class=\"pt-cv-meta-fields\"><span class=\"author\"> <a href=\"https:\/\/kohom.hr\/mm\/?author=6\" rel=\"author\">EP<\/a><\/span><span> \/ <\/span><span class=\"entry-date\"> <time datetime=\"2021-12-21T15:13:10+01:00\">21. prosinca 2021.<\/time><\/span><span> \/ <\/span><span class=\"terms\"> <a href='https:\/\/kohom.hr\/mm\/?cat=96' title='COVID-19' class='pt-cv-tax-covid'>COVID-19<\/a>, <a href='https:\/\/kohom.hr\/mm\/?cat=1' title='NOVOSTI' class='pt-cv-tax-novosti'>NOVOSTI<\/a>, <a href='https:\/\/kohom.hr\/mm\/?cat=60' title='ZAgovornica' class='pt-cv-tax-zagovornica'>ZAgovornica<\/a><\/span><\/div><div class=\"pt-cv-title\"><a href=\"https:\/\/kohom.hr\/mm\/?p=9101\" class=\"_self cvplbd\" target=\"_self\" >ZaGOVORNICA: \u201eNovo normalno\u201c ili \u201elije\u010dnik obiteljske medicine je magarac\u201c<\/a><\/div><div class=\"pt-cv-content\">Narod smo improvizacije i snala\u017eenja. U nekim sportovima je to po\u017eeljna karakteristika, pa smo toliko uspje\u0161ni. Na\u017ealost, ta karakteristika se ...<br \/><div class=\"pt-cv-rmwrap\"><a href=\"https:\/\/kohom.hr\/mm\/?p=9101\" class=\"_self pt-cv-readmore btn btn-success cvplbd\" target=\"_self\">Vi\u0161e...<\/a><\/div><\/div><\/div><\/div><\/div>\n<div class=\"col-md-12 col-sm-12 col-xs-12 pt-cv-content-item pt-cv-2-col\"  data-pid=\"9099\"><div class='pt-cv-ifield'><a href=\"https:\/\/kohom.hr\/mm\/?p=9099\" class=\"_self pt-cv-href-thumbnail pt-cv-thumb-left cvplbd\" target=\"_self\" ><img decoding=\"async\" width=\"100\" height=\"100\" style=\"max-height: 100px;\" src=\"https:\/\/kohom.hr\/mm\/wp-content\/plugins\/pt-content-views-pro\/public\/assets\/images\/default_image.png\" class=\"pt-cv-thumbnail img-shadow pull-left not-found no-lazyload \" alt=\"ZaGOVORNICA: Tko je moj bli\u017enji?\" \/><\/a>\n<div class=\"pt-cv-colwrap\"><div class=\"pt-cv-meta-fields\"><span class=\"author\"> <a href=\"https:\/\/kohom.hr\/mm\/?author=6\" rel=\"author\">EP<\/a><\/span><span> \/ <\/span><span class=\"entry-date\"> <time datetime=\"2021-12-21T15:10:52+01:00\">21. prosinca 2021.<\/time><\/span><span> \/ <\/span><span class=\"terms\"> <a href='https:\/\/kohom.hr\/mm\/?cat=96' title='COVID-19' class='pt-cv-tax-covid'>COVID-19<\/a>, <a href='https:\/\/kohom.hr\/mm\/?cat=1' title='NOVOSTI' class='pt-cv-tax-novosti'>NOVOSTI<\/a>, <a href='https:\/\/kohom.hr\/mm\/?cat=60' title='ZAgovornica' class='pt-cv-tax-zagovornica'>ZAgovornica<\/a><\/span><\/div><div class=\"pt-cv-title\"><a href=\"https:\/\/kohom.hr\/mm\/?p=9099\" class=\"_self cvplbd\" target=\"_self\" >ZaGOVORNICA: Tko je moj bli\u017enji?<\/a><\/div><div class=\"pt-cv-content\">Strah i i\u0161\u010dekivanje najgoreg, obilje\u017eilo je protekle dvije godine. Jesu li ova vremena dovoljno upe\u010datljiva da bi ih se spominjalo ...<br \/><div class=\"pt-cv-rmwrap\"><a href=\"https:\/\/kohom.hr\/mm\/?p=9099\" class=\"_self pt-cv-readmore btn btn-success cvplbd\" target=\"_self\">Vi\u0161e...<\/a><\/div><\/div><\/div><\/div><\/div>\n<div class=\"col-md-12 col-sm-12 col-xs-12 pt-cv-content-item pt-cv-2-col\"  data-pid=\"8397\"><div class='pt-cv-ifield'><a href=\"https:\/\/kohom.hr\/mm\/?p=8397\" class=\"_self pt-cv-href-thumbnail pt-cv-thumb-left cvplbd\" target=\"_self\" ><img decoding=\"async\" width=\"100\" height=\"100\" style=\"max-height: 100px;\" src=\"https:\/\/kohom.hr\/mm\/wp-content\/plugins\/pt-content-views-pro\/public\/assets\/images\/default_image.png\" class=\"pt-cv-thumbnail img-shadow pull-left not-found no-lazyload \" alt=\"Osvrt na medijski istup \u010dlanice Sto\u017eera za civilnu za\u0161titu RH\" \/><\/a>\n<div class=\"pt-cv-colwrap\"><div class=\"pt-cv-meta-fields\"><span class=\"author\"> <a href=\"https:\/\/kohom.hr\/mm\/?author=6\" rel=\"author\">EP<\/a><\/span><span> \/ <\/span><span class=\"entry-date\"> <time datetime=\"2020-05-15T23:14:16+02:00\">15. svibnja 2020.<\/time><\/span><span> \/ <\/span><span class=\"terms\"> <a href='https:\/\/kohom.hr\/mm\/?cat=96' title='COVID-19' class='pt-cv-tax-covid'>COVID-19<\/a><\/span><\/div><div class=\"pt-cv-title\"><a href=\"https:\/\/kohom.hr\/mm\/?p=8397\" class=\"_self cvplbd\" target=\"_self\" >Osvrt na medijski istup \u010dlanice Sto\u017eera za civilnu za\u0161titu RH<\/a><\/div><div class=\"pt-cv-content\">Neugodno iznena\u0111eni istupom istaknute \u010dlanice (i na\u010delnice) Nacionalnog kriznog sto\u017eera za borbu protiv epidemije COVID 19, dr Maje Grbe-Bujevi\u0107,\u00a0 KoHOM ...<br \/><div class=\"pt-cv-rmwrap\"><a href=\"https:\/\/kohom.hr\/mm\/?p=8397\" class=\"_self pt-cv-readmore btn btn-success cvplbd\" target=\"_self\">Vi\u0161e...<\/a><\/div><\/div><\/div><\/div><\/div>\n<div class=\"col-md-12 col-sm-12 col-xs-12 pt-cv-content-item pt-cv-2-col\"  data-pid=\"8351\"><div class='pt-cv-ifield'><a href=\"https:\/\/kohom.hr\/mm\/?p=8351\" class=\"_self pt-cv-href-thumbnail pt-cv-thumb-left cvplbd\" target=\"_self\" ><img loading=\"lazy\" decoding=\"async\" width=\"100\" height=\"100\" style=\"max-height: 100px;\" src=\"https:\/\/kohom.hr\/mm\/wp-content\/plugins\/pt-content-views-pro\/public\/assets\/images\/default_image.png\" class=\"pt-cv-thumbnail img-shadow pull-left not-found no-lazyload \" alt=\"PANDEMIJA ILI IZGUBLJENI (?) RAT\" \/><\/a>\n<div class=\"pt-cv-colwrap\"><div class=\"pt-cv-meta-fields\"><span class=\"author\"> <a href=\"https:\/\/kohom.hr\/mm\/?author=6\" rel=\"author\">EP<\/a><\/span><span> \/ <\/span><span class=\"entry-date\"> <time datetime=\"2020-05-10T13:24:46+02:00\">10. svibnja 2020.<\/time><\/span><span> \/ <\/span><span class=\"terms\"> <a href='https:\/\/kohom.hr\/mm\/?cat=96' title='COVID-19' class='pt-cv-tax-covid'>COVID-19<\/a><\/span><\/div><div class=\"pt-cv-title\"><a href=\"https:\/\/kohom.hr\/mm\/?p=8351\" class=\"_self cvplbd\" target=\"_self\" >PANDEMIJA ILI IZGUBLJENI (?) RAT<\/a><\/div><div class=\"pt-cv-content\">Autor: Natali Steiner \u010cesto se ovih dana pojavljuje rije\u010d \"rat\" kako bi se opisalo stanje u kojem se nalazimo. Postoje ...<br \/><div class=\"pt-cv-rmwrap\"><a href=\"https:\/\/kohom.hr\/mm\/?p=8351\" class=\"_self pt-cv-readmore btn btn-success cvplbd\" target=\"_self\">Vi\u0161e...<\/a><\/div><\/div><\/div><\/div><\/div>\n<div class=\"col-md-12 col-sm-12 col-xs-12 pt-cv-content-item pt-cv-2-col\"  data-pid=\"8349\"><div class='pt-cv-ifield'><a href=\"https:\/\/kohom.hr\/mm\/?p=8349\" class=\"_self pt-cv-href-thumbnail pt-cv-thumb-left cvplbd\" target=\"_self\" ><img loading=\"lazy\" decoding=\"async\" width=\"100\" height=\"100\" style=\"max-height: 100px;\" src=\"https:\/\/kohom.hr\/mm\/wp-content\/plugins\/pt-content-views-pro\/public\/assets\/images\/default_image.png\" class=\"pt-cv-thumbnail img-shadow pull-left not-found no-lazyload \" alt=\"KORONA LEKCIJE - \u00a0\u0160TO SMO NAU\u010cILI:\" \/><\/a>\n<div class=\"pt-cv-colwrap\"><div class=\"pt-cv-meta-fields\"><span class=\"author\"> <a href=\"https:\/\/kohom.hr\/mm\/?author=6\" rel=\"author\">EP<\/a><\/span><span> \/ <\/span><span class=\"entry-date\"> <time datetime=\"2020-05-10T13:21:10+02:00\">10. svibnja 2020.<\/time><\/span><span> \/ <\/span><span class=\"terms\"> <a href='https:\/\/kohom.hr\/mm\/?cat=96' title='COVID-19' class='pt-cv-tax-covid'>COVID-19<\/a>, <a href='https:\/\/kohom.hr\/mm\/?cat=60' title='ZAgovornica' class='pt-cv-tax-zagovornica'>ZAgovornica<\/a><\/span><\/div><div class=\"pt-cv-title\"><a href=\"https:\/\/kohom.hr\/mm\/?p=8349\" class=\"_self cvplbd\" target=\"_self\" >KORONA LEKCIJE &#8211; \u00a0\u0160TO SMO NAU\u010cILI:<\/a><\/div><div class=\"pt-cv-content\">Autor: Natali Steiner Korona-kriza je pokazala da nema toliko bogate dr\u017eave koja bi mogla imati bolni\u010dki sustav koji mo\u017ee odgovoriti ...<br \/><div class=\"pt-cv-rmwrap\"><a href=\"https:\/\/kohom.hr\/mm\/?p=8349\" class=\"_self pt-cv-readmore btn btn-success cvplbd\" target=\"_self\">Vi\u0161e...<\/a><\/div><\/div><\/div><\/div><\/div>\n<div class=\"col-md-12 col-sm-12 col-xs-12 pt-cv-content-item pt-cv-2-col\"  data-pid=\"8313\"><div class='pt-cv-ifield'><a href=\"https:\/\/kohom.hr\/mm\/?p=8313\" class=\"_self pt-cv-href-thumbnail pt-cv-thumb-left cvplbd\" target=\"_self\" ><img loading=\"lazy\" decoding=\"async\" width=\"100\" height=\"100\" style=\"max-height: 100px;\" src=\"https:\/\/kohom.hr\/mm\/wp-content\/plugins\/pt-content-views-pro\/public\/assets\/images\/default_image.png\" class=\"pt-cv-thumbnail img-shadow pull-left not-found no-lazyload \" alt=\"Veliki grad i usamljeni ljudi\" \/><\/a>\n<div class=\"pt-cv-colwrap\"><div class=\"pt-cv-meta-fields\"><span class=\"author\"> <a href=\"https:\/\/kohom.hr\/mm\/?author=6\" rel=\"author\">EP<\/a><\/span><span> \/ <\/span><span class=\"entry-date\"> <time datetime=\"2020-05-01T12:43:07+02:00\">1. svibnja 2020.<\/time><\/span><span> \/ <\/span><span class=\"terms\"> <a href='https:\/\/kohom.hr\/mm\/?cat=96' title='COVID-19' class='pt-cv-tax-covid'>COVID-19<\/a>, <a href='https:\/\/kohom.hr\/mm\/?cat=60' title='ZAgovornica' class='pt-cv-tax-zagovornica'>ZAgovornica<\/a><\/span><\/div><div class=\"pt-cv-title\"><a href=\"https:\/\/kohom.hr\/mm\/?p=8313\" class=\"_self cvplbd\" target=\"_self\" >Veliki grad i usamljeni ljudi<\/a><\/div><div class=\"pt-cv-content\">Veliki grad, tijekom nezapam\u0107ene epidemije, pogodio je stoljetni potres. Povijesni centar grada te\u0161ko je o\u0161te\u0107en. Ulice su posve puste, komadi ...<br \/><div class=\"pt-cv-rmwrap\"><a href=\"https:\/\/kohom.hr\/mm\/?p=8313\" class=\"_self pt-cv-readmore btn btn-success cvplbd\" target=\"_self\">Vi\u0161e...<\/a><\/div><\/div><\/div><\/div><\/div>\n<div class=\"col-md-12 col-sm-12 col-xs-12 pt-cv-content-item pt-cv-2-col\"  data-pid=\"8315\"><div class='pt-cv-ifield'><a href=\"https:\/\/kohom.hr\/mm\/?p=8315\" class=\"_self pt-cv-href-thumbnail pt-cv-thumb-left cvplbd\" target=\"_self\" ><img loading=\"lazy\" decoding=\"async\" width=\"100\" height=\"100\" style=\"max-height: 100px;\" src=\"https:\/\/kohom.hr\/mm\/wp-content\/plugins\/pt-content-views-pro\/public\/assets\/images\/default_image.png\" class=\"pt-cv-thumbnail img-shadow pull-left not-found no-lazyload \" alt=\"e-mail na\u010delniku sto\u017eera\" \/><\/a>\n<div class=\"pt-cv-colwrap\"><div class=\"pt-cv-meta-fields\"><span class=\"author\"> <a href=\"https:\/\/kohom.hr\/mm\/?author=6\" rel=\"author\">EP<\/a><\/span><span> \/ <\/span><span class=\"entry-date\"> <time datetime=\"2020-05-01T12:42:10+02:00\">1. svibnja 2020.<\/time><\/span><span> \/ <\/span><span class=\"terms\"> <a href='https:\/\/kohom.hr\/mm\/?cat=96' title='COVID-19' class='pt-cv-tax-covid'>COVID-19<\/a>, <a href='https:\/\/kohom.hr\/mm\/?cat=60' title='ZAgovornica' class='pt-cv-tax-zagovornica'>ZAgovornica<\/a><\/span><\/div><div class=\"pt-cv-title\"><a href=\"https:\/\/kohom.hr\/mm\/?p=8315\" class=\"_self cvplbd\" target=\"_self\" >e-mail na\u010delniku sto\u017eera<\/a><\/div><div class=\"pt-cv-content\">Dragi svi, Naravno da smo mi u na\u0161oj \u017eupaniji revoltirani ovim istupom na\u0161eg na\u010delnika sto\u017eera jer je to omalova\u017eavanje na\u0161e ...<br \/><div class=\"pt-cv-rmwrap\"><a href=\"https:\/\/kohom.hr\/mm\/?p=8315\" class=\"_self pt-cv-readmore btn btn-success cvplbd\" target=\"_self\">Vi\u0161e...<\/a><\/div><\/div><\/div><\/div><\/div>\n<div class=\"col-md-12 col-sm-12 col-xs-12 pt-cv-content-item pt-cv-2-col\"  data-pid=\"8317\"><div class='pt-cv-ifield'><a href=\"https:\/\/kohom.hr\/mm\/?p=8317\" class=\"_self pt-cv-href-thumbnail pt-cv-thumb-left cvplbd\" target=\"_self\" ><img loading=\"lazy\" decoding=\"async\" width=\"100\" height=\"100\" style=\"max-height: 100px;\" src=\"https:\/\/kohom.hr\/mm\/wp-content\/plugins\/pt-content-views-pro\/public\/assets\/images\/default_image.png\" class=\"pt-cv-thumbnail img-shadow pull-left not-found no-lazyload \" alt=\"Ne mo\u017ee\u0161 zagrliti usamljenog \u010dovjeka preko telefona\" \/><\/a>\n<div class=\"pt-cv-colwrap\"><div class=\"pt-cv-meta-fields\"><span class=\"author\"> <a href=\"https:\/\/kohom.hr\/mm\/?author=6\" rel=\"author\">EP<\/a><\/span><span> \/ <\/span><span class=\"entry-date\"> <time datetime=\"2020-05-01T12:41:01+02:00\">1. svibnja 2020.<\/time><\/span><span> \/ <\/span><span class=\"terms\"> <a href='https:\/\/kohom.hr\/mm\/?cat=96' title='COVID-19' class='pt-cv-tax-covid'>COVID-19<\/a>, <a href='https:\/\/kohom.hr\/mm\/?cat=60' title='ZAgovornica' class='pt-cv-tax-zagovornica'>ZAgovornica<\/a><\/span><\/div><div class=\"pt-cv-title\"><a href=\"https:\/\/kohom.hr\/mm\/?p=8317\" class=\"_self cvplbd\" target=\"_self\" >Ne mo\u017ee\u0161 zagrliti usamljenog \u010dovjeka preko telefona<\/a><\/div><div class=\"pt-cv-content\">Petak je, poslijepodne. Zove gospodin P., 92 godine. \u017divi sam. Supruga je preminula prije tri godine, a sa jedinom k\u0107eri ...<br \/><div class=\"pt-cv-rmwrap\"><a href=\"https:\/\/kohom.hr\/mm\/?p=8317\" class=\"_self pt-cv-readmore btn btn-success cvplbd\" target=\"_self\">Vi\u0161e...<\/a><\/div><\/div><\/div><\/div><\/div>\n<div class=\"col-md-12 col-sm-12 col-xs-12 pt-cv-content-item pt-cv-2-col\"  data-pid=\"8319\"><div class='pt-cv-ifield'><a href=\"https:\/\/kohom.hr\/mm\/?p=8319\" class=\"_self pt-cv-href-thumbnail pt-cv-thumb-left cvplbd\" target=\"_self\" ><img loading=\"lazy\" decoding=\"async\" width=\"100\" height=\"100\" style=\"max-height: 100px;\" src=\"https:\/\/kohom.hr\/mm\/wp-content\/plugins\/pt-content-views-pro\/public\/assets\/images\/default_image.png\" class=\"pt-cv-thumbnail img-shadow pull-left not-found no-lazyload \" alt=\"Potres i COVID-19 u OM\" \/><\/a>\n<div class=\"pt-cv-colwrap\"><div class=\"pt-cv-meta-fields\"><span class=\"author\"> <a href=\"https:\/\/kohom.hr\/mm\/?author=6\" rel=\"author\">EP<\/a><\/span><span> \/ <\/span><span class=\"entry-date\"> <time datetime=\"2020-05-01T12:39:23+02:00\">1. svibnja 2020.<\/time><\/span><span> \/ <\/span><span class=\"terms\"> <a href='https:\/\/kohom.hr\/mm\/?cat=96' title='COVID-19' class='pt-cv-tax-covid'>COVID-19<\/a>, <a href='https:\/\/kohom.hr\/mm\/?cat=60' title='ZAgovornica' class='pt-cv-tax-zagovornica'>ZAgovornica<\/a><\/span><\/div><div class=\"pt-cv-title\"><a href=\"https:\/\/kohom.hr\/mm\/?p=8319\" class=\"_self cvplbd\" target=\"_self\" >Potres i COVID-19 u OM<\/a><\/div><div class=\"pt-cv-content\">Poku\u0161at \u0107u \u0161to sa\u017eetije napisati situaciju s ambulantom koja je u\u017easno o\u0161te\u0107ena u zemljotresu 22.3.2020. 22.03.2020. u popodnevnim satima oti\u0161la ...<br \/><div class=\"pt-cv-rmwrap\"><a href=\"https:\/\/kohom.hr\/mm\/?p=8319\" class=\"_self pt-cv-readmore btn btn-success cvplbd\" target=\"_self\">Vi\u0161e...<\/a><\/div><\/div><\/div><\/div><\/div>\n<div class=\"col-md-12 col-sm-12 col-xs-12 pt-cv-content-item pt-cv-2-col\"  data-pid=\"8321\"><div class='pt-cv-ifield'><a href=\"https:\/\/kohom.hr\/mm\/?p=8321\" class=\"_self pt-cv-href-thumbnail pt-cv-thumb-left cvplbd\" target=\"_self\" ><img loading=\"lazy\" decoding=\"async\" width=\"100\" height=\"100\" style=\"max-height: 100px;\" src=\"https:\/\/kohom.hr\/mm\/wp-content\/plugins\/pt-content-views-pro\/public\/assets\/images\/default_image.png\" class=\"pt-cv-thumbnail img-shadow pull-left not-found no-lazyload \" alt=\"Pozdrav iz Slavonije uz Corona virus\" \/><\/a>\n<div class=\"pt-cv-colwrap\"><div class=\"pt-cv-meta-fields\"><span class=\"author\"> <a href=\"https:\/\/kohom.hr\/mm\/?author=6\" rel=\"author\">EP<\/a><\/span><span> \/ <\/span><span class=\"entry-date\"> <time datetime=\"2020-05-01T12:36:55+02:00\">1. svibnja 2020.<\/time><\/span><span> \/ <\/span><span class=\"terms\"> <a href='https:\/\/kohom.hr\/mm\/?cat=96' title='COVID-19' class='pt-cv-tax-covid'>COVID-19<\/a>, <a href='https:\/\/kohom.hr\/mm\/?cat=60' title='ZAgovornica' class='pt-cv-tax-zagovornica'>ZAgovornica<\/a><\/span><\/div><div class=\"pt-cv-title\"><a href=\"https:\/\/kohom.hr\/mm\/?p=8321\" class=\"_self cvplbd\" target=\"_self\" >Pozdrav iz Slavonije uz Corona virus<\/a><\/div><div class=\"pt-cv-content\">Uh, \u017eivote! Danas se vratih iz ku\u0107ne posjete. Bolesna ! S takvim osje\u0107ajem tuge, skoro do mu\u010dnine. On sam, u ...<br \/><div class=\"pt-cv-rmwrap\"><a href=\"https:\/\/kohom.hr\/mm\/?p=8321\" class=\"_self pt-cv-readmore btn btn-success cvplbd\" target=\"_self\">Vi\u0161e...<\/a><\/div><\/div><\/div><\/div><\/div><\/div><\/div>\n<div class=\"text-left pt-cv-pagination-wrapper\"><ul class=\"pt-cv-pagination pt-cv-ajax pagination\" data-totalpages=\"4\" data-currentpage=\"1\" data-sid=\"52f3454ktd\" data-unid=\"\" data-isblock=\"\" data-postid=\"\"><li class=\"active\"><a href=\"#\">1<\/a><\/li>\n\t<li ><a class=\"\" href=\"https:\/\/kohom.hr\/mm\/index.php\/?_page=2&#038;rest_route=%2Fwp%2Fv2%2Fpages%2F8353\">2<\/a><\/li>\n\t<li ><a class=\"\" href=\"https:\/\/kohom.hr\/mm\/index.php\/?_page=3&#038;rest_route=%2Fwp%2Fv2%2Fpages%2F8353\">3<\/a><\/li>\n\t<li ><a class=\"\" href=\"https:\/\/kohom.hr\/mm\/index.php\/?_page=4&#038;rest_route=%2Fwp%2Fv2%2Fpages%2F8353\">4<\/a><\/li>\n\t<li ><a class=\" \" href=\"https:\/\/kohom.hr\/mm\/index.php\/?_page=2&#038;rest_route=%2Fwp%2Fv2%2Fpages%2F8353\">&rsaquo;<\/a><\/li>\n\t<\/ul><img loading=\"lazy\" decoding=\"async\" width=\"15\" height=\"15\" class=\"pt-cv-spinner\" alt=\"Loading...\" src=\"data:image\/gif;base64,R0lGODlhDwAPALMPAMrKygwMDJOTkz09PZWVla+vr3p6euTk5M7OzuXl5TMzMwAAAJmZmWZmZszMzP\/\/\/yH\/C05FVFNDQVBFMi4wAwEAAAAh+QQFCgAPACwAAAAADwAPAAAEQvDJaZaZOIcV8iQK8VRX4iTYoAwZ4iCYoAjZ4RxejhVNoT+mRGP4cyF4Pp0N98sBGIBMEMOotl6YZ3S61Bmbkm4mAgAh+QQFCgAPACwAAAAADQANAAAENPDJSRSZeA418itN8QiK8BiLITVsFiyBBIoYqnoewAD4xPw9iY4XLGYSjkQR4UAUD45DLwIAIfkEBQoADwAsAAAAAA8ACQAABC\/wyVlamTi3nSdgwFNdhEJgTJoNyoB9ISYoQmdjiZPcj7EYCAeCF1gEDo4Dz2eIAAAh+QQFCgAPACwCAAAADQANAAAEM\/DJBxiYeLKdX3IJZT1FU0iIg2RNKx3OkZVnZ98ToRD4MyiDnkAh6BkNC0MvsAj0kMpHBAAh+QQFCgAPACwGAAAACQAPAAAEMDC59KpFDll73HkAA2wVY5KgiK5b0RRoI6MuzG6EQqCDMlSGheEhUAgqgUUAFRySIgAh+QQFCgAPACwCAAIADQANAAAEM\/DJKZNLND\/kkKaHc3xk+QAMYDKsiaqmZCxGVjSFFCxB1vwy2oOgIDxuucxAMTAJFAJNBAAh+QQFCgAPACwAAAYADwAJAAAEMNAs86q1yaWwwv2Ig0jUZx3OYa4XoRAfwADXoAwfo1+CIjyFRuEho60aSNYlOPxEAAAh+QQFCgAPACwAAAIADQANAAAENPA9s4y8+IUVcqaWJ4qEQozSoAzoIyhCK2NFU2SJk0hNnyEOhKR2AzAAj4Pj4GE4W0bkJQIAOw==\" \/><div class=\"clear pt-cv-clear-pagination\"><\/div><\/div><\/div>\t\t\t<style type=\"text\/css\" id=\"pt-cv-inline-style-dced68amzs\">#pt-cv-view-52f3454ktd.pt-cv-post-border { margin: 0; border-top-width: 1px; border-left-width: 1px }\n#pt-cv-view-52f3454ktd.pt-cv-post-border { margin: 0; border-top-style: solid; border-left-style: solid }\n#pt-cv-view-52f3454ktd.pt-cv-post-border { margin: 0; border-top-color: #eb3f25; border-left-color: #eb3f25 }\n#pt-cv-view-52f3454ktd.pt-cv-post-border .pt-cv-content-item   { border-right-width: 1px; border-bottom-width: 1px; border-right-style: solid; border-bottom-style: solid; border-right-color: #eb3f25; border-bottom-color: #eb3f25; }\n#pt-cv-view-52f3454ktd .pt-cv-title a, #pt-cv-view-52f3454ktd  .panel-title { font-weight: 600 !important; }\n#pt-cv-view-52f3454ktd  .pt-cv-title a:hover, #pt-cv-view-52f3454ktd  .panel-title:hover   { color: #eb3f25 !important; }\n#pt-cv-view-52f3454ktd .pt-cv-meta-fields * { color: #eb3f25 !important; }\n#pt-cv-view-52f3454ktd .pt-cv-readmore  { color: #ffffff !important; background-color: #eb3f25 !important; }\n#pt-cv-view-52f3454ktd .pt-cv-readmore:hover  { color: #ffffff !important; background-color: #eb3f25 !important; }\n#pt-cv-view-52f3454ktd  + .pt-cv-pagination-wrapper .pt-cv-more , #pt-cv-view-52f3454ktd  + .pt-cv-pagination-wrapper .pagination .active a { color: #ffffff !important; background-color: #eb3f25 !important; }<\/style>\r\n\t\t\t\n","protected":false},"excerpt":{"rendered":"<p>Dragi kolege obiteljski lije\u010dnici, po\u010detkom 2020. godine suo\u010dili smo se s pandemijom COVID 19 i potresom kakav Zagreb nije zabilje\u017eio unatrag 140 godina, a koji su nam donijeli posve novi na\u010din organizacije rada\u00a0i promi\u0161ljanja stru\u010dnog pristupa i stru\u010dnih rije\u0161enja, a bez ikakvog prethodnog iskustva i znanstvenih dokaza o optimalnom radu u ovakvim okolnostima na svjetskoj &#8230;<\/p>\n","protected":false},"author":6,"featured_media":0,"parent":0,"menu_order":0,"comment_status":"closed","ping_status":"closed","template":"","meta":{"jetpack_post_was_ever_published":false,"footnotes":""},"jetpack_shortlink":"https:\/\/wp.me\/P13bms-2aJ","jetpack_sharing_enabled":true,"_links":{"self":[{"href":"https:\/\/kohom.hr\/mm\/index.php?rest_route=\/wp\/v2\/pages\/8353"}],"collection":[{"href":"https:\/\/kohom.hr\/mm\/index.php?rest_route=\/wp\/v2\/pages"}],"about":[{"href":"https:\/\/kohom.hr\/mm\/index.php?rest_route=\/wp\/v2\/types\/page"}],"author":[{"embeddable":true,"href":"https:\/\/kohom.hr\/mm\/index.php?rest_route=\/wp\/v2\/users\/6"}],"replies":[{"embeddable":true,"href":"https:\/\/kohom.hr\/mm\/index.php?rest_route=%2Fwp%2Fv2%2Fcomments&post=8353"}],"version-history":[{"count":17,"href":"https:\/\/kohom.hr\/mm\/index.php?rest_route=\/wp\/v2\/pages\/8353\/revisions"}],"predecessor-version":[{"id":8450,"href":"https:\/\/kohom.hr\/mm\/index.php?rest_route=\/wp\/v2\/pages\/8353\/revisions\/8450"}],"wp:attachment":[{"href":"https:\/\/kohom.hr\/mm\/index.php?rest_route=%2Fwp%2Fv2%2Fmedia&parent=8353"}],"curies":[{"name":"wp","href":"https:\/\/api.w.org\/{rel}","templated":true}]}}