{"id":8359,"date":"2020-05-10T13:48:37","date_gmt":"2020-05-10T11:48:37","guid":{"rendered":"http:\/\/kohom.hr\/mm\/?page_id=8359"},"modified":"2020-05-10T15:14:06","modified_gmt":"2020-05-10T13:14:06","slug":"vijesti","status":"publish","type":"page","link":"https:\/\/kohom.hr\/mm\/?page_id=8359","title":{"rendered":"VIJESTI"},"content":{"rendered":"<div  class=\"rpwe-block\"><ul class=\"rpwe-ul\"><li class=\"rpwe-li rpwe-clearfix\"><a class=\"rpwe-img\" href=\"https:\/\/kohom.hr\/mm\/?p=10179\" target=\"_self\"><img loading=\"lazy\" class=\"rpwe-alignleft rpwe-thumb\" src=\"https:\/\/kohom.hr\/mm\/wp-content\/uploads\/nagrade-2025-200x100.jpg\" alt=\"KoHOM dodijelio godi\u0161nje nagrade za 2025. godinu\" height=\"100\" width=\"200\" loading=\"lazy\" decoding=\"async\"><\/a><h3 class=\"rpwe-title\"><a href=\"https:\/\/kohom.hr\/mm\/?p=10179\" target=\"_self\">KoHOM dodijelio godi\u0161nje nagrade za 2025. godinu<\/a><\/h3><time class=\"rpwe-time published\" datetime=\"2025-12-15T12:46:01+01:00\">15. prosinca 2025.<\/time><div class=\"rpwe-summary\">Sve\u010dana dodjela godi\u0161njih nagrada Koordinacije hrvatske obiteljske medicine (KoHOM) i prigodni bo\u017ei\u0107ni domjenak odr\u017eani su 13. prosinca 2025. godine u Hotelu Dubrovnik u Zagrebu. Ovogodi\u0161nji laureati su Tina Grgi\u0107, Romana Bari\u0161i\u0107 Kova\u010devi\u0107, Vjekoslava Amerl \u0160aki\u0107 i \u017deljka Peri\u0107 Sekuli\u0107. Dobitnica godi\u0161nje nagrade KoHOM-a za izniman doprinos borbi za prava i &hellip;<a href=\"https:\/\/kohom.hr\/mm\/?p=10179\" class=\"more-link\">Pro\u010ditajte vi\u0161e<\/a><\/div><\/li><li class=\"rpwe-li rpwe-clearfix\"><a class=\"rpwe-img\" href=\"https:\/\/kohom.hr\/mm\/?p=10168\" target=\"_self\"><img loading=\"lazy\" class=\"rpwe-alignleft rpwe-thumb\" src=\"https:\/\/kohom.hr\/mm\/wp-content\/uploads\/2.Osjecki_simpozij-200x100.jpg\" alt=\"Uspje\u0161no zavr\u0161en 2. Osje\u010dki simpozij KoHOM-a za mlade lije\u010dnike: \u201eSva lica srca \u2013 kardiovaskularno zdravlje u fokusu\u201c\" height=\"100\" width=\"200\" loading=\"lazy\" decoding=\"async\"><\/a><h3 class=\"rpwe-title\"><a href=\"https:\/\/kohom.hr\/mm\/?p=10168\" target=\"_self\">Uspje\u0161no zavr\u0161en 2. Osje\u010dki simpozij KoHOM-a za mlade lije\u010dnike: \u201eSva lica srca \u2013 kardiovaskularno zdravlje u fokusu\u201c<\/a><\/h3><time class=\"rpwe-time published\" datetime=\"2025-10-17T06:22:59+02:00\">17. listopada 2025.<\/time><div class=\"rpwe-summary\">Uspje\u0161no je zavr\u0161en 2. Osje\u010dki simpozij KoHOM-a za mlade lije\u010dnike pod nazivom \u201eSva lica srca \u2013 kardiovaskularno zdravlje u fokusu\u201c, koji se odr\u017eavao od 11. do 12. listopada 2025. godine u IT Parku Osijek (Industrijska \u010detvrt, Osijek). Simpozij se odr\u017eava drugu godinu zaredom, a osmi\u0161ljen je s ciljem stru\u010dnog povezivanja, &hellip;<a href=\"https:\/\/kohom.hr\/mm\/?p=10168\" class=\"more-link\">Pro\u010ditajte vi\u0161e<\/a><\/div><\/li><li class=\"rpwe-li rpwe-clearfix\"><a class=\"rpwe-img\" href=\"https:\/\/kohom.hr\/mm\/?p=10136\" rel=\"bookmark\"><img decoding=\"async\" class=\"rpwe-alignleft rpwe-thumb rpwe-default-thumb\" src=\"https:\/\/via.placeholder.com\/45x45\/f0f0f0\/ccc\" alt=\"Poziv na 2. Hrvatski kongres klini\u010dke farmakologije i terapije\" width=\"200\" height=\"100\"><\/a><h3 class=\"rpwe-title\"><a href=\"https:\/\/kohom.hr\/mm\/?p=10136\" target=\"_self\">Poziv na 2. Hrvatski kongres klini\u010dke farmakologije i terapije<\/a><\/h3><time class=\"rpwe-time published\" datetime=\"2025-06-16T09:19:42+02:00\">16. lipnja 2025.<\/time><div class=\"rpwe-summary\">Hrvatsko dru\u0161tvo za klini\u010dku farmakologiju i terapiju (HDKFiT) ove godine organizira drugi Hrvatski kongres klini\u010dke farmakologije i terapije s me\u0111unarodnim sudjelovanjem koji \u0107e se odr\u017eati u Opatiji od 18. do 20. rujna 2025. Ovo je dinami\u010dno i uzbudljivo vrijeme za klini\u010dku farmakologiju, uz sve ve\u0107i broj istra\u017eivanja, brzim promjenama i &hellip;<a href=\"https:\/\/kohom.hr\/mm\/?p=10136\" class=\"more-link\">Pro\u010ditajte vi\u0161e<\/a><\/div><\/li><li class=\"rpwe-li rpwe-clearfix\"><a class=\"rpwe-img\" href=\"https:\/\/kohom.hr\/mm\/?p=10134\" target=\"_self\"><img loading=\"lazy\" class=\"rpwe-alignleft rpwe-thumb\" src=\"https:\/\/kohom.hr\/mm\/wp-content\/uploads\/kohom-podrska-200x100.jpg\" alt=\"Osnovana je podru\u017enica KoHOM-a za Li\u010dko-senjsku \u017eupaniju\" height=\"100\" width=\"200\" loading=\"lazy\" decoding=\"async\"><\/a><h3 class=\"rpwe-title\"><a href=\"https:\/\/kohom.hr\/mm\/?p=10134\" target=\"_self\">Osnovana je podru\u017enica KoHOM-a za Li\u010dko-senjsku \u017eupaniju<\/a><\/h3><time class=\"rpwe-time published\" datetime=\"2025-06-14T00:03:36+02:00\">14. lipnja 2025.<\/time><div class=\"rpwe-summary\">Koordinacija hrvatske obiteljske medicine (KoHOM) ima novu podru\u017enicu. Osnovana je, naime, podru\u017enica KoHOM-a za Li\u010dko-senjsku \u017eupaniju. Za predsjednicu je izabrana dr. Tatjana Marini\u0107, za dopredsjednika dr. Marijan Erceg, dok je koordinatorica podru\u017enice dr. Jelena Lemai\u0107. Osnivanjem ove podru\u017enice, KoHOM sada ima podru\u017enice u svim hrvatskim \u017eupanijama. U Li\u010dko-senjskoj \u017eupaniji trenutno &hellip;<a href=\"https:\/\/kohom.hr\/mm\/?p=10134\" class=\"more-link\">Pro\u010ditajte vi\u0161e<\/a><\/div><\/li><li class=\"rpwe-li rpwe-clearfix\"><a class=\"rpwe-img\" href=\"https:\/\/kohom.hr\/mm\/?p=10127\" target=\"_self\"><img loading=\"lazy\" class=\"rpwe-alignleft rpwe-thumb\" src=\"https:\/\/kohom.hr\/mm\/wp-content\/uploads\/kohom2025-200x100.jpg\" alt=\"Odr\u017ean 16. kongres KoHOM-a pod nazivom \u201eKoordinacija zdravstvene skrbi &#8211; umije\u0107e i snaga obiteljskih doktora\u201c\" height=\"100\" width=\"200\" loading=\"lazy\" decoding=\"async\"><\/a><h3 class=\"rpwe-title\"><a href=\"https:\/\/kohom.hr\/mm\/?p=10127\" target=\"_self\">Odr\u017ean 16. kongres KoHOM-a pod nazivom \u201eKoordinacija zdravstvene skrbi &#8211; umije\u0107e i snaga obiteljskih doktora\u201c<\/a><\/h3><time class=\"rpwe-time published\" datetime=\"2025-05-13T18:38:43+02:00\">13. svibnja 2025.<\/time><div class=\"rpwe-summary\">16. kongres Koordinacije hrvatske obiteljske medicine (KoHOM) odr\u017ean je od 8. do 11. svibnja 2025. godine u Kongresnom centru Amadria Park u \u0160ibeniku. Kongres se odr\u017eao pod visokim pokroviteljstvom predsjednika Republike Hrvatske g. Zorana Milanovi\u0107a, te pod pokroviteljstvom Ministarstva zdravstva, Grada \u0160ibenika i Hrvatske lije\u010dni\u010dke komore. Sve\u010danom otvorenju 16. kongresa &hellip;<a href=\"https:\/\/kohom.hr\/mm\/?p=10127\" class=\"more-link\">Pro\u010ditajte vi\u0161e<\/a><\/div><\/li><li class=\"rpwe-li rpwe-clearfix\"><a class=\"rpwe-img\" href=\"https:\/\/kohom.hr\/mm\/?p=10119\" target=\"_self\"><img loading=\"lazy\" class=\"rpwe-alignleft rpwe-thumb\" src=\"https:\/\/kohom.hr\/mm\/wp-content\/uploads\/Solaris_congress-200x100.jpg\" alt=\"Poziv na Redovnu Skup\u0161tinu 10.05.2025.\" height=\"100\" width=\"200\" loading=\"lazy\" decoding=\"async\"><\/a><h3 class=\"rpwe-title\"><a href=\"https:\/\/kohom.hr\/mm\/?p=10119\" target=\"_self\">Poziv na Redovnu Skup\u0161tinu 10.05.2025.<\/a><\/h3><time class=\"rpwe-time published\" datetime=\"2025-04-24T22:51:51+02:00\">24. travnja 2025.<\/time><div class=\"rpwe-summary\">Po\u0161tovane kolegice i kolege, pozivam Vas na Redovnu skup\u0161tinu Koordinacije hrvatske obiteljske medicine koja \u0107e se odr\u017eati u subotu 10. svibnja 2025. u Kongresnom centru Amadria s po\u010detkom u 18:00 sati Dnevni red: Izbor radnog predsjedni\u0161tva Izbor zapisni\u010dara Izbor dva ovjerovitelja zapisnika Izvje\u0161taj predsjednice Izvje\u0161taj tajnika Izvje\u0161taj Nadzornog odbora Izvje\u0161taj &hellip;<a href=\"https:\/\/kohom.hr\/mm\/?p=10119\" class=\"more-link\">Pro\u010ditajte vi\u0161e<\/a><\/div><\/li><li class=\"rpwe-li rpwe-clearfix\"><a class=\"rpwe-img\" href=\"https:\/\/kohom.hr\/mm\/?p=10113\" target=\"_self\"><img loading=\"lazy\" class=\"rpwe-alignleft rpwe-thumb\" src=\"https:\/\/kohom.hr\/mm\/wp-content\/uploads\/Vijece-Imotski-200x100.jpg\" alt=\"Odr\u017eano je Vije\u0107e KoHOM-a u Imotskom\" height=\"100\" width=\"200\" loading=\"lazy\" decoding=\"async\"><\/a><h3 class=\"rpwe-title\"><a href=\"https:\/\/kohom.hr\/mm\/?p=10113\" target=\"_self\">Odr\u017eano je Vije\u0107e KoHOM-a u Imotskom<\/a><\/h3><time class=\"rpwe-time published\" datetime=\"2025-03-25T00:05:50+01:00\">25. o\u017eujka 2025.<\/time><div class=\"rpwe-summary\">U organizaciji kolega Tine Puljiz i Petra Strini\u0107a, KoHOM je u Imotskome odr\u017eao jo\u0161 jedan sastanak Vije\u0107a KoHOM-a. Na uvodnom dijelu Vije\u0107e KoHOM-a pozdravili su ministar gospodarstva Ante \u0160u\u0161njar, ministar demografije i useljeni\u0161tva Ivan \u0160ipi\u0107 te saborski zastupnici Ivica Kukavica i Ante Kujund\u017ei\u0107 te zamjenica gradona\u010delnika Grada Imotskog Ana Marija &hellip;<a href=\"https:\/\/kohom.hr\/mm\/?p=10113\" class=\"more-link\">Pro\u010ditajte vi\u0161e<\/a><\/div><\/li><li class=\"rpwe-li rpwe-clearfix\"><a class=\"rpwe-img\" href=\"https:\/\/kohom.hr\/mm\/?p=10096\" target=\"_self\"><img loading=\"lazy\" class=\"rpwe-alignleft rpwe-thumb\" src=\"https:\/\/kohom.hr\/mm\/wp-content\/uploads\/6-1412-200x100.jpg\" alt=\"Apel predsjedniku Vlade RH da se direktno uklju\u010di u rje\u0161avanje problema u obiteljskoj medicini\" height=\"100\" width=\"200\" loading=\"lazy\" decoding=\"async\"><\/a><h3 class=\"rpwe-title\"><a href=\"https:\/\/kohom.hr\/mm\/?p=10096\" target=\"_self\">Apel predsjedniku Vlade RH da se direktno uklju\u010di u rje\u0161avanje problema u obiteljskoj medicini<\/a><\/h3><time class=\"rpwe-time published\" datetime=\"2025-01-26T14:47:39+01:00\">26. sije\u010dnja 2025.<\/time><div class=\"rpwe-summary\">Koordinacija hrvatske obiteljske medicine &#8211; KoHOM upozorava da stanje u primarnoj zdravstvenoj za\u0161titi &#8211; s naglaskom na obiteljsku medicinu nikad nije bilo gore te apelira na predsjednika Vlade RH Andreja Plenkovi\u0107a da se osobno uklju\u010di u rje\u0161avanje te\u0161ke situacije zbog koje u ovom trenutku vi\u0161e od pola milijuna pacijenata nema &hellip;<a href=\"https:\/\/kohom.hr\/mm\/?p=10096\" class=\"more-link\">Pro\u010ditajte vi\u0161e<\/a><\/div><\/li><li class=\"rpwe-li rpwe-clearfix\"><a class=\"rpwe-img\" href=\"https:\/\/kohom.hr\/mm\/?p=10067\" target=\"_self\"><img loading=\"lazy\" class=\"rpwe-alignleft rpwe-thumb\" src=\"https:\/\/kohom.hr\/mm\/wp-content\/uploads\/EUROPREV-Zg-200x100.png\" alt=\"Europski forum o prevenciji i primarnoj zdravstvenoj za\u0161titi &#8211; Zagreb, 05.-06. o\u017eujak 2025.\" height=\"100\" width=\"200\" loading=\"lazy\" decoding=\"async\"><\/a><h3 class=\"rpwe-title\"><a href=\"https:\/\/kohom.hr\/mm\/?p=10067\" target=\"_self\">Europski forum o prevenciji i primarnoj zdravstvenoj za\u0161titi &#8211; Zagreb, 05.-06. o\u017eujak 2025.<\/a><\/h3><time class=\"rpwe-time published\" datetime=\"2025-01-06T17:04:21+01:00\">6. sije\u010dnja 2025.<\/time><div class=\"rpwe-summary\">Ovogodi\u0161nji Europski forum o prevenciji i primarnoj zdravstvenoj za\u0161titi odr\u017eat \u0107e se u Zagrebu u Hotelu Antunovi\u0107, 05.-06. o\u017eujka 2025. Ovaj presti\u017eni doga\u0111aj, organiziran u suradnji Dru\u0161tva nastavnika op\u0107e-obiteljske medicine (DNOOM), Hrvatskog dru\u0161tva obiteljskih doktora (HDOD), Koordinacije hrvatske obiteljske medicine (KoHOM) te Katedri za obiteljsku medicinu Sveu\u010dili\u0161ta u Rijeci i &hellip;<a href=\"https:\/\/kohom.hr\/mm\/?p=10067\" class=\"more-link\">Pro\u010ditajte vi\u0161e<\/a><\/div><\/li><li class=\"rpwe-li rpwe-clearfix\"><a class=\"rpwe-img\" href=\"https:\/\/kohom.hr\/mm\/?p=10039\" target=\"_self\"><img loading=\"lazy\" class=\"rpwe-alignleft rpwe-thumb\" src=\"https:\/\/kohom.hr\/mm\/wp-content\/uploads\/16-KoHOM_cestitka-200x100.jpg\" alt=\"Sretan Bo\u017ei\u0107 i Nova godina\" height=\"100\" width=\"200\" loading=\"lazy\" decoding=\"async\"><\/a><h3 class=\"rpwe-title\"><a href=\"https:\/\/kohom.hr\/mm\/?p=10039\" target=\"_self\">Sretan Bo\u017ei\u0107 i Nova godina<\/a><\/h3><time class=\"rpwe-time published\" datetime=\"2024-12-23T21:03:36+01:00\">23. prosinca 2024.<\/time><div class=\"rpwe-summary\">U nadi i vjeri da \u0107e ovaj Bo\u017ei\u0107 biti ispunjen rado\u0161\u0107u i mirom, svim kolegama, zdravstvenim djelatnicima, pacijentima i prijateljima KoHOM-a \u017eelimo \u010destit Bo\u017ei\u0107 te sretnu i uspje\u0161nu novu 2025. godinu! &nbsp; Izvr\u0161ni odbor KoHOM-a &nbsp;<a href=\"https:\/\/kohom.hr\/mm\/?p=10039\" class=\"more-link\">Pro\u010ditajte vi\u0161e<\/a><\/div><\/li><li class=\"rpwe-li rpwe-clearfix\"><a class=\"rpwe-img\" href=\"https:\/\/kohom.hr\/mm\/?p=10008\" target=\"_self\"><img loading=\"lazy\" class=\"rpwe-alignleft rpwe-thumb\" src=\"https:\/\/kohom.hr\/mm\/wp-content\/uploads\/dodjela-god-nagrada-kohoma-200x100.jpg\" alt=\"Promocijom monografije \u201eKoHOM- 15 godina\u201c obilje\u017eena petnaesta godi\u0161njica djelovanja\" height=\"100\" width=\"200\" loading=\"lazy\" decoding=\"async\"><\/a><h3 class=\"rpwe-title\"><a href=\"https:\/\/kohom.hr\/mm\/?p=10008\" target=\"_self\">Promocijom monografije \u201eKoHOM- 15 godina\u201c obilje\u017eena petnaesta godi\u0161njica djelovanja<\/a><\/h3><time class=\"rpwe-time published\" datetime=\"2024-12-19T10:47:59+01:00\">19. prosinca 2024.<\/time><div class=\"rpwe-summary\">KoHOM je dodijelio godi\u0161nje nagrade, a laureati su Vlatka Pleh, Katedra za obiteljsku medicinu Medicinskog fakulteta u Rijeci, Sandra Erak i Ines Balint. &nbsp; U zagreba\u010dkom hotelu Capital, Koordinacija hrvatske obiteljske medicine KoHOM, obilje\u017eila je 15 godi\u0161njicu osnivanja i djelovanja. U toj prigodi odr\u017eana promocija monografije \u201eKoHOM \u2013 15 godina\u201c, &hellip;<a href=\"https:\/\/kohom.hr\/mm\/?p=10008\" class=\"more-link\">Pro\u010ditajte vi\u0161e<\/a><\/div><\/li><li class=\"rpwe-li rpwe-clearfix\"><a class=\"rpwe-img\" href=\"https:\/\/kohom.hr\/mm\/?p=9983\" rel=\"bookmark\"><img decoding=\"async\" class=\"rpwe-alignleft rpwe-thumb rpwe-default-thumb\" src=\"https:\/\/via.placeholder.com\/45x45\/f0f0f0\/ccc\" alt=\"Poziv &#8211; Redovna skup\u0161tina 23.11.2024.\" width=\"200\" height=\"100\"><\/a><h3 class=\"rpwe-title\"><a href=\"https:\/\/kohom.hr\/mm\/?p=9983\" target=\"_self\">Poziv &#8211; Redovna skup\u0161tina 23.11.2024.<\/a><\/h3><time class=\"rpwe-time published\" datetime=\"2024-11-09T20:31:09+01:00\">9. studenoga 2024.<\/time><div class=\"rpwe-summary\">Drage kolegice i kolege, sazivam redovnu Skup\u0161tinu KoHOM-a koja \u0107e se odr\u017eati 23. studenoga 2024. s po\u010detkom u 17:00 sati u kongresnoj dvorani Edukativnog i informativnog turisti\u010dkog centra mladih \u201eStara pekara\u201c, Trg Vatroslava Lisinskog 11, Osijek. Skup\u0161tina \u0107e se odr\u017eati odmah po zavr\u0161etku 1. Osje\u010dkog simpozija KoHOM-a za mlade lije\u010dnike, &hellip;<a href=\"https:\/\/kohom.hr\/mm\/?p=9983\" class=\"more-link\">Pro\u010ditajte vi\u0161e<\/a><\/div><\/li><li class=\"rpwe-li rpwe-clearfix\"><a class=\"rpwe-img\" href=\"https:\/\/kohom.hr\/mm\/?p=9820\" target=\"_self\"><img loading=\"lazy\" class=\"rpwe-alignleft rpwe-thumb\" src=\"https:\/\/kohom.hr\/mm\/wp-content\/uploads\/kohom-podrska-200x100.jpg\" alt=\"Izabrano novo vodstvo KoHOM-a\" height=\"100\" width=\"200\" loading=\"lazy\" decoding=\"async\"><\/a><h3 class=\"rpwe-title\"><a href=\"https:\/\/kohom.hr\/mm\/?p=9820\" target=\"_self\">Izabrano novo vodstvo KoHOM-a<\/a><\/h3><time class=\"rpwe-time published\" datetime=\"2024-10-02T15:53:21+02:00\">2. listopada 2024.<\/time><div class=\"rpwe-summary\">Zrinka Hu\u0111ek Leskovar nova je predsjednica Koordinacija hrvatske obiteljske medicine \u2013 KoHOM-a. Hu\u0111ek Leskovar izabrana je na Skup\u0161tini KoHOM-a velikom ve\u0107inom glasova (77,9 posto) \u010dlanova s pravom glasa, uz izlaznost od 79 posto. Uz predsjednicu izabrani su \u010dlanovi Izvr\u0161nog odbora Vanja Hmelik koji \u0107e obna\u0161ati du\u017enost tajnika KoHOM-a, Leonardo Bressan, &hellip;<a href=\"https:\/\/kohom.hr\/mm\/?p=9820\" class=\"more-link\">Pro\u010ditajte vi\u0161e<\/a><\/div><\/li><li class=\"rpwe-li rpwe-clearfix\"><a class=\"rpwe-img\" href=\"https:\/\/kohom.hr\/mm\/?p=9807\" rel=\"bookmark\"><img decoding=\"async\" class=\"rpwe-alignleft rpwe-thumb rpwe-default-thumb\" src=\"https:\/\/via.placeholder.com\/45x45\/f0f0f0\/ccc\" alt=\"Poziv &#8211; Izborna skup\u0161tina 29.9.2024.\" width=\"200\" height=\"100\"><\/a><h3 class=\"rpwe-title\"><a href=\"https:\/\/kohom.hr\/mm\/?p=9807\" target=\"_self\">Poziv &#8211; Izborna skup\u0161tina 29.9.2024.<\/a><\/h3><time class=\"rpwe-time published\" datetime=\"2024-09-19T14:22:34+02:00\">19. rujna 2024.<\/time><div class=\"rpwe-summary\">Po\u0161tovane kolegice i kolege &nbsp; Sazivam izbornu Skup\u0161tinu KoHOM-a koja \u0107e se odr\u017eati 29.9.2024. sa po\u010detkom u 17 h, elektronskim putem. Prethodno raspisani izbori koji su bili najavljeni za 18.9.2024., odlukom izvanredne skup\u0161tine KoHOM-a, opozvani su iz pravno tehni\u010dkih razloga radi kojih je na snazi Statut prema kojem se izbori &hellip;<a href=\"https:\/\/kohom.hr\/mm\/?p=9807\" class=\"more-link\">Pro\u010ditajte vi\u0161e<\/a><\/div><\/li><li class=\"rpwe-li rpwe-clearfix\"><a class=\"rpwe-img\" href=\"https:\/\/kohom.hr\/mm\/?p=9804\" rel=\"bookmark\"><img loading=\"lazy\" decoding=\"async\" class=\"rpwe-alignleft rpwe-thumb rpwe-default-thumb\" src=\"https:\/\/via.placeholder.com\/45x45\/f0f0f0\/ccc\" alt=\"Obavijest \u010dlanovima &#8211; Izborna skup\u0161tina KoHOMa\" width=\"200\" height=\"100\"><\/a><h3 class=\"rpwe-title\"><a href=\"https:\/\/kohom.hr\/mm\/?p=9804\" target=\"_self\">Obavijest \u010dlanovima &#8211; Izborna skup\u0161tina KoHOMa<\/a><\/h3><time class=\"rpwe-time published\" datetime=\"2024-09-18T08:46:32+02:00\">18. rujna 2024.<\/time><div class=\"rpwe-summary\">Obavijest \u010dlanovima &#8211; Izborna skup\u0161tina KoHOMa Dana 17. rujna 2024 odr\u017eana je Izvanredna Skup\u0161tina Koordinacije hrvatske obiteljske medicine. Na Skup\u0161tini su opozvani dokumenti: Statut &#8211; usvojen 1.kolovoza 2024. Poslovnik o radu Skup\u0161tine &#8211; usvojen 1.8.2024. Pravilnik o izborima tijela KoHOMa &#8211; usvojen 1.8.2024. Odluka o izboru izbornog povjerenstva &#8211; usvojena\u00a01.8.2024. &hellip;<a href=\"https:\/\/kohom.hr\/mm\/?p=9804\" class=\"more-link\">Pro\u010ditajte vi\u0161e<\/a><\/div><\/li><\/ul><\/div><!-- Generated by http:\/\/wordpress.org\/plugins\/recent-posts-widget-extended\/ -->\n","protected":false},"excerpt":{"rendered":"","protected":false},"author":7,"featured_media":0,"parent":0,"menu_order":0,"comment_status":"closed","ping_status":"closed","template":"","meta":{"jetpack_post_was_ever_published":false,"footnotes":""},"jetpack_shortlink":"https:\/\/wp.me\/P13bms-2aP","jetpack_sharing_enabled":true,"_links":{"self":[{"href":"https:\/\/kohom.hr\/mm\/index.php?rest_route=\/wp\/v2\/pages\/8359"}],"collection":[{"href":"https:\/\/kohom.hr\/mm\/index.php?rest_route=\/wp\/v2\/pages"}],"about":[{"href":"https:\/\/kohom.hr\/mm\/index.php?rest_route=\/wp\/v2\/types\/page"}],"author":[{"embeddable":true,"href":"https:\/\/kohom.hr\/mm\/index.php?rest_route=\/wp\/v2\/users\/7"}],"replies":[{"embeddable":true,"href":"https:\/\/kohom.hr\/mm\/index.php?rest_route=%2Fwp%2Fv2%2Fcomments&post=8359"}],"version-history":[{"count":35,"href":"https:\/\/kohom.hr\/mm\/index.php?rest_route=\/wp\/v2\/pages\/8359\/revisions"}],"predecessor-version":[{"id":8395,"href":"https:\/\/kohom.hr\/mm\/index.php?rest_route=\/wp\/v2\/pages\/8359\/revisions\/8395"}],"wp:attachment":[{"href":"https:\/\/kohom.hr\/mm\/index.php?rest_route=%2Fwp%2Fv2%2Fmedia&parent=8359"}],"curies":[{"name":"wp","href":"https:\/\/api.w.org\/{rel}","templated":true}]}}