{"id":9830,"date":"2024-10-05T21:24:59","date_gmt":"2024-10-05T19:24:59","guid":{"rendered":"https:\/\/kohom.hr\/mm\/?page_id=9830"},"modified":"2024-10-30T18:39:51","modified_gmt":"2024-10-30T17:39:51","slug":"nadzorni-odbor","status":"publish","type":"page","link":"https:\/\/kohom.hr\/mm\/?page_id=9830","title":{"rendered":"NADZORNI ODBOR"},"content":{"rendered":"<div class=\"tmm tmm_nadzorni-odbor\"><div class=\"tmm_3_columns tmm_wrap tmm_theme_f\"><span class=\"tmm_two_containers_tablet\"><\/span><div class=\"tmm_container\"><div class=\"tmm_member\" style=\"border-top:#dd3333 solid 5px;\"><div class=\"tmm_photo tmm_pic_nadzorni-odbor_0\" style=\"background: url(http:\/\/kohom.hr\/mm\/wp-content\/uploads\/Aleksandar-Ljubotina-e1730309190643.jpg); margin-left: auto; margin-right:auto; background-size:cover !important;\"><\/div><div class=\"tmm_textblock\"><div class=\"tmm_names\"><span class=\"tmm_fname\">Aleksandar<\/span> <span class=\"tmm_lname\">Ljubotina<\/span><\/div><div class=\"tmm_job\">Predsjednik Nadzornog odbora<\/div><div class=\"tmm_desc\" style=\"text-align:\">Specijalist je obiteljske medicine i prof. psihologije iz Rijeke. Doktor je znanosti i naslovni docent, vanjski suradnik Katedre obiteljske medicine u Rijeci. U\u017ee podru\u010dje interesa su mu odnos stresa i zdravlja te komunikacija s pacijentima. \u010clan je KoHOM-a od samih po\u010detaka udruge. Od 2010. do 2020. bio je \u010dlan Mirovnog vije\u0107a, a od 2020. \u010dlan je Nadozornog odbora KoHOM-a.<\/div><div class=\"tmm_scblock\"><\/div><\/div><\/div><div class=\"tmm_member\" style=\"border-top:#dd3333 solid 5px;\"><div class=\"tmm_photo tmm_pic_nadzorni-odbor_1\" style=\"background: url(http:\/\/kohom.hr\/mm\/wp-content\/uploads\/viber_slika_2024-10-29_09-31-20-015.jpg); margin-left: auto; margin-right:auto; background-size:cover !important;\"><\/div><div class=\"tmm_textblock\"><div class=\"tmm_names\"><span class=\"tmm_fname\">Vesna<\/span> <span class=\"tmm_lname\">Poto\u010dki Rukavina<\/span><\/div><div class=\"tmm_job\">\u010clanica Nadzornog odbora<\/div><div class=\"tmm_desc\" style=\"text-align:\">Ro\u0111ena je 1955. godine u Zagrebu, gdje i radi kao specijalistica obiteljske medicine. U nastavnom je zvanju pri Katedri obiteljske medicine Medicinskog fakulteta u Zagrebu od 1987. i mentorica je specijalizantima, doktorima pod nadzorom i studentima. Jedna je od osniva\u010dica KoHOM-a. Dugogodi\u0161nja je predsjednica podru\u017enice KoHOM-a Grada Zagreba, a u dva mandata (2020.-2024.) bila je \u010dlanica Izvr\u0161nog odbora KoHOM-a. \u010clanica je Sredi\u0161njeg izbornog povjerenstva HLK u drugom mandatu.<\/div><div class=\"tmm_scblock\"><\/div><\/div><\/div><span class=\"tmm_two_containers_tablet\"><\/span><div class=\"tmm_member\" style=\"border-top:#dd3333 solid 5px;\"><div class=\"tmm_photo tmm_pic_nadzorni-odbor_2\" style=\"background: url(http:\/\/kohom.hr\/mm\/wp-content\/uploads\/Dunjapopravak-2.jpg); margin-left: auto; margin-right:auto; background-size:cover !important;\"><\/div><div class=\"tmm_textblock\"><div class=\"tmm_names\"><span class=\"tmm_fname\">Dunja<\/span> <span class=\"tmm_lname\">Ljubi\u010di\u0107<\/span><\/div><div class=\"tmm_job\">\u010clanica Nadzornog odbora<\/div><div class=\"tmm_desc\" style=\"text-align:\">Ro\u0111ena je 1983. u Osijeku, gdje i \u017eivi. Specijalistica je obiteljske medicine s ordinacijom u osje\u010dkom prigradskom naselju Vi\u0161njevac. Predsjednica je podru\u017enice KOHOM-a Osje\u010dko \u2013 baranjske \u017eupanije od 2020.godine. Bila je \u010dlanica Izvr\u0161nog odbora KOHOM-a od 2022. - 2024.godine. Delegat je u skup\u0161tini HLK od 2024.godine. Od listopada 2024. \u010dlanica je Nadzornog odbora KoHOM-a.<\/div><div class=\"tmm_scblock\"><\/div><\/div><\/div><div style=\"clear:both;\"><\/div><\/div><\/div><\/div>\n","protected":false},"excerpt":{"rendered":"","protected":false},"author":6,"featured_media":0,"parent":0,"menu_order":0,"comment_status":"closed","ping_status":"closed","template":"","meta":{"jetpack_post_was_ever_published":false,"footnotes":""},"jetpack_shortlink":"https:\/\/wp.me\/P13bms-2yy","jetpack_sharing_enabled":true,"_links":{"self":[{"href":"https:\/\/kohom.hr\/mm\/index.php?rest_route=\/wp\/v2\/pages\/9830"}],"collection":[{"href":"https:\/\/kohom.hr\/mm\/index.php?rest_route=\/wp\/v2\/pages"}],"about":[{"href":"https:\/\/kohom.hr\/mm\/index.php?rest_route=\/wp\/v2\/types\/page"}],"author":[{"embeddable":true,"href":"https:\/\/kohom.hr\/mm\/index.php?rest_route=\/wp\/v2\/users\/6"}],"replies":[{"embeddable":true,"href":"https:\/\/kohom.hr\/mm\/index.php?rest_route=%2Fwp%2Fv2%2Fcomments&post=9830"}],"version-history":[{"count":6,"href":"https:\/\/kohom.hr\/mm\/index.php?rest_route=\/wp\/v2\/pages\/9830\/revisions"}],"predecessor-version":[{"id":9961,"href":"https:\/\/kohom.hr\/mm\/index.php?rest_route=\/wp\/v2\/pages\/9830\/revisions\/9961"}],"wp:attachment":[{"href":"https:\/\/kohom.hr\/mm\/index.php?rest_route=%2Fwp%2Fv2%2Fmedia&parent=9830"}],"curies":[{"name":"wp","href":"https:\/\/api.w.org\/{rel}","templated":true}]}}