{"id":9848,"date":"2024-10-05T23:38:57","date_gmt":"2024-10-05T21:38:57","guid":{"rendered":"https:\/\/kohom.hr\/mm\/?page_id=9848"},"modified":"2025-10-03T21:09:57","modified_gmt":"2025-10-03T19:09:57","slug":"dopisi-kohom-a","status":"publish","type":"page","link":"https:\/\/kohom.hr\/mm\/?page_id=9848","title":{"rendered":"Dopisi KoHOM-a"},"content":{"rendered":"<p><strong>Napomena:<\/strong> <em>Klikom na naslov dokumenta preuzimate PDF datoteku!<\/em><\/p>\n<p>&nbsp;<\/p>\n<p><strong style=\"line-height: 1.5em;\">Hrvatski zavod za zdravstvo osiguranje:<\/strong><\/p>\n<ul>\n<li><a href=\"http:\/\/kohom.hr\/mm\/wp-content\/uploads\/Zaposljavanje-medicinskih-sestara-na-studentski-ugovor-za-privremene-zamjene-u-OM.pdf\">Zapo\u0161ljavanje medicinskih sestara na studentski ugovor za privremene zamjene u obiteljskoj medicini (09\/2025)<\/a><\/li>\n<li><a href=\"http:\/\/kohom.hr\/mm\/wp-content\/uploads\/Ukidanje-limita-za-PZZ-laboratorije.pdf\">Zahtjev za ukidanjem limita za upu\u0107ivanje u medicinsko-biokemijske laboratorije primarne razine (11\/2024)<\/a><\/li>\n<li><a href=\"http:\/\/kohom.hr\/mm\/wp-content\/uploads\/Zahtjev-za-omogucavanjem-vezanja-e-uputnog-pisma-na-C1-i-C2-e-uputnicu.pdf\">Zahtjev za omogu\u0107avanjem vezanje e-uputnog pisma na C1 i C2 e-uputnicu (10\/2024)<\/a><\/li>\n<li><a href=\"http:\/\/kohom.hr\/mm\/wp-content\/uploads\/Zahtjev-za-odgovorima-i-izvjesce-o-poduzetim-aktivnostima.pdf\">Zahtjev za odgovorima i izvje\u0161\u0107e o poduzetim aktivnostima temeljem dopisa KoHOM-a na koje HZZO nikad nije odgovorio (10\/2024)<\/a><\/li>\n<li><a href=\"http:\/\/kohom.hr\/mm\/wp-content\/uploads\/Zahtjev-za-izjednacenjem-isplate-hladnog-pogona-svima.pdf\">Zahtjev za isplatom punog i jednakog iznosa hladnog pogona svim timovima (10\/2024)<\/a><\/li>\n<li><a href=\"http:\/\/kohom.hr\/mm\/wp-content\/uploads\/Prijedlozi-izmjena-osnova-za-sklapanje-ugovora-o-provodenju-ZZ-iz-OZO-u-djelatnosti-OM-1.pdf\">Prijedlozi izmjena osnova za sklapanje ugovora o provo\u0111enju ZZ iz OZO u djelatnosti OM (10\/2023)<\/a><\/li>\n<li><a href=\"http:\/\/kohom.hr\/mm\/wp-content\/uploads\/KoHOM-Prijedlog-administrativnog-rasterecenja-s-odgovarajucim-propisima.pdf\">Prijedlog administrativnog rastere\u0107enja obiteljske medicine (07\/2023)<\/a><\/li>\n<li><a href=\"http:\/\/kohom.hr\/mm\/wp-content\/uploads\/Bilje\u017eenje-DTP-ova.pdf\">Zahtjev za omogu\u0107avanjem bilje\u017eenja svih u\u010dinjenih DTP-ova (06\/2023)<\/a><\/li>\n<li><a href=\"http:\/\/kohom.hr\/mm\/wp-content\/uploads\/Uvodenje-novog-DTP-BAT-za-gripu.pdf\">Zahtjev za uvo\u0111enjem novog DTP-a &#8220;BAT na influenzu A i B&#8221; (02\/2024)<\/a><\/li>\n<li><a href=\"http:\/\/kohom.hr\/mm\/wp-content\/uploads\/Problemi-vezani-uz-smjernice-HZZO-a.pdf\">Zahtjev za promjenom HZZO klauzula za lijekove na osnovnoj i dopunskoj listi lijekova (02\/2024)<\/a><\/li>\n<li><a href=\"http:\/\/kohom.hr\/mm\/wp-content\/uploads\/Zurno-produzavanje-rokova-za-realizaciju-uputnica-1.pdf\">Zahtjev za \u017eurnim produ\u017eenjem rokova za realizaciju uputnica (01\/2024)<\/a><\/li>\n<li><a href=\"http:\/\/kohom.hr\/mm\/wp-content\/uploads\/KoHOM-pravilnik-o-na\u010dinu-izbora-doktora-PZZ.pdf\">Primjedbe na Pravilnik o na\u010dinu izbora doktora PZZ (01\/2024)<\/a><\/li>\n<li><a href=\"http:\/\/kohom.hr\/mm\/wp-content\/uploads\/Cijena-rada-u-posebnom-de\u017eurstvu-1.pdf\">Cijena rada u posebnom de\u017eurstvu (06\/2023)<\/a><\/li>\n<li><a href=\"http:\/\/kohom.hr\/mm\/wp-content\/uploads\/Ostvarivanje-prava-na-nemedicinsku-pratnju-u-sanitetskom-vozilu.pdf\">Zahtjev za tuma\u010denjem tko ostvaruje pravo na nemedicinsku pratnju u vozilu saniteta (10\/2023)<\/a><\/li>\n<li><a href=\"http:\/\/kohom.hr\/mm\/wp-content\/uploads\/Prijedlog-izmjena-smjernica-za-propisivanje-lijekova-iz-skupine-GLP1RA.pdf\">Prijedlog izmjena smjernica za propisivanje lijekova iz skupine GLP1 RA (07\/2023)<\/a><\/li>\n<li><a href=\"http:\/\/kohom.hr\/mm\/wp-content\/uploads\/Prijedlog-za-pove\u0107anje-prihoda-ugovornim-OOM.pdf\">Prijedlog za pove\u0107anje prihoda ugovornim OOM (06\/2023)<\/a><\/li>\n<li><a href=\"http:\/\/kohom.hr\/mm\/wp-content\/uploads\/Upu\u0107ivanje-pacijenata-na-dijagnosti\u010dko-terapijske-postupke-od-strane-lije\u010dnika-obiteljske-medicine.pdf\">Upu\u0107ivanje pacijenata na dijagnosti\u010dko terapijske postupke od strane lije\u010dnika obiteljske medicine (10\/2023)<\/a><\/li>\n<li><a href=\"http:\/\/kohom.hr\/mm\/wp-content\/uploads\/Izdavanje-lije\u010dni\u010dkih-potvrda-o-zdravstvenoj-sposobnosti-u-smislu-\u010dlanka-20.-Zakona-o-osobnoj-asistenciji-NN712023.pdf\">Izdavanje lije\u010dni\u010dkih potvrda o zdravstvenoj sposobnosti u smislu \u010dlanka 20. Zakona o osobnoj asistenciji<\/a><\/li>\n<li><a href=\"http:\/\/kohom.hr\/mm\/wp-content\/uploads\/Utvr\u0111ivanje-zdravstvene-sposobnosti-pripadnika-Oru\u017enih-snaga-Republike-Hrvatske.pdf\">Utvr\u0111ivanje zdravstvene sposobnosti pripadnika Oru\u017enih snaga Republike Hrvatske<\/a><\/li>\n<li><a href=\"http:\/\/kohom.hr\/mm\/wp-content\/uploads\/Cijena-rada-u-posebnom-de\u017eurstvu.pdf\">Zahtjev za pove\u0107anjem cijene rada u posebnom de\u017eurstvu (06\/2023)<\/a><\/li>\n<li><a href=\"http:\/\/kohom.hr\/mm\/wp-content\/uploads\/KoHOM-HZZO-Povecanje-hladnog-pogona.pdf\">Zahtjev za pove\u0107anjem hladnog pogona (09\/2022)<\/a><\/li>\n<li><a href=\"http:\/\/kohom.hr\/mm\/wp-content\/uploads\/Promjena-nositelja-tima-u-ugovornim-ordinacijama-OOM.pdf\">Promjena nositelja tima u ugovornim ordinacijama OOM unutar domova zdravlja (06\/2023)<\/a><\/li>\n<li><a href=\"http:\/\/kohom.hr\/mm\/wp-content\/uploads\/Realizacija-prava-na-smje\u0161taj-uz-dijete-za-vrijeme-bolni\u010dkog-lije\u010denja.pdf\">Problem vezan za realizaciju prava na smje\u0161taj uz dijete za vrijeme bolni\u010dkog lije\u010denja (04\/2023)<\/a><\/li>\n<\/ul>\n<p>&nbsp;<\/p>\n<p><strong style=\"line-height: 1.5em;\">Ministarstvo zdravstva:<\/strong><\/p>\n<ul>\n<li><a href=\"http:\/\/kohom.hr\/mm\/wp-content\/uploads\/Omogucavanje-slanja-prijave-promjene-zdravstvenog-stanja-vlasnika-oruzja-putem-CEZIH-a.pdf\">Hitno omogu\u0107avanje elektroni\u010dkog slanja prijave promjene zdravstvenog stanja vlasnika oru\u017eja MUP-u putem CEZIH-a (05\/2025)<\/a><\/li>\n<li><a href=\"http:\/\/kohom.hr\/mm\/wp-content\/uploads\/Zahtjev-za-punom-implementacijom-Panela-za-astmu.pdf\">Zahtjev za punom implementacijom Panela za astmu (11\/2024)<\/a><\/li>\n<li><a href=\"http:\/\/kohom.hr\/mm\/wp-content\/uploads\/Pozurnica-MIZ-u-za-tumacenjem-pravilnika.pdf\">Po\u017eurnica MiZ-u sa zamolbom za tuma\u010denjem Pravilnika o organizaciji i na\u010dinu obavljanja djelatnosti sanitetskog prijevoza (10\/2024)<\/a><\/li>\n<li><a href=\"http:\/\/kohom.hr\/mm\/wp-content\/uploads\/Financiranje-tro\u0161kova-specijalizacije-za-lije\u010dnike-u-ordinacijama-privatne-prakse-.pdf\">Financiranje tro\u0161kova specijalizacije za lije\u010dnike u ordinacijama privatne prakse (06\/2023)<\/a><\/li>\n<li><a href=\"http:\/\/kohom.hr\/mm\/wp-content\/uploads\/Problemi-PZZ-koji-se-ne-rjesavaju-.pdf\">Upozorenje na probleme u PZZ koji se ne rje\u0161avaju unato\u010d progresivnom propadanju OM (03\/2024)<\/a><\/li>\n<li><a href=\"http:\/\/kohom.hr\/mm\/wp-content\/uploads\/E-savjetovanje-o-Nacrtu-Plana-i-programa-mjera-zdravstvene-za\u0161tite-2023-2026.pdf\">e-savjetovanje o Nacrtu Plana i programa mjera zdravstvene za\u0161tite 2023-2026<\/a><\/li>\n<li><a href=\"http:\/\/kohom.hr\/mm\/wp-content\/uploads\/Isplata-tro\u0161kova-za-zdravstvenu-za\u0161titu-pru\u017eenu-izbjeglim-osobama-iz-Ukrajine.pdf\">Isplata tro\u0161kova za zdravstvenu za\u0161titu pru\u017eenu izbjeglim osobama iz Ukrajine<\/a><\/li>\n<li><a href=\"http:\/\/kohom.hr\/mm\/wp-content\/uploads\/Vredovanje-rada-LOM-u-NPP-probir-i-rano-otkrivanje-karcinoma-plu\u0107a.pdf\">Vredovanje rada LOM u NPP probir i rano otkrivanje karcinoma plu\u0107a (09\/2023)<\/a><\/li>\n<li><a href=\"http:\/\/kohom.hr\/mm\/wp-content\/uploads\/Molba-za-radni-sastanak-na-temu-\u201ePanel-za-dojku\u201c.pdf\">Molba za radni sastanak na temu \u201ePanel za dojku\u201c<\/a><\/li>\n<\/ul>\n<p>&nbsp;<\/p>\n<p><strong style=\"line-height: 1.5em;\">Ostalo:<\/strong><\/p>\n<ul>\n<li><a href=\"http:\/\/kohom.hr\/mm\/wp-content\/uploads\/Ispunjavanje-1-IN-obrazaca.pdf\">(ne)Ispunjavanje 1-IN obrasca neosiguranim osobama (Zavod za vje\u0161ta\u010denje, 01\/2023)<\/a><\/li>\n<li><a href=\"http:\/\/kohom.hr\/mm\/wp-content\/uploads\/Izdavanje-lije\u010dni\u010dkih-potvrda-\u010dl.-64.pdf\">Izdavanje lije\u010dni\u010dkih potvrda za potrebe ostvaranja prava iz podru\u010dja socijalne skrbi<\/a><\/li>\n<li><a href=\"http:\/\/kohom.hr\/mm\/wp-content\/uploads\/Posebno-de\u017eurstvoVZ.pdf\">Posebno de\u017eurstvo u Vara\u017edinskoj \u017eupaniji<\/a><\/li>\n<li><a href=\"http:\/\/kohom.hr\/mm\/wp-content\/uploads\/Prijedlog-dopune-cjenika-HLK.pdf\">Prijedlog dopune cjenika HLK (02\/2023)<\/a><\/li>\n<li><a href=\"http:\/\/kohom.hr\/mm\/wp-content\/uploads\/Ugovaranje-drugog-posebnog-de\u017eurstva-\u0160K\u017d.pdf\">Ugovaranje drugog punkta posebnog de\u017eurstva u \u0160ibensko-kninskoj \u017eupaniji<\/a><\/li>\n<li><a href=\"http:\/\/kohom.hr\/mm\/wp-content\/uploads\/Vje\u0161ta\u010denje-nesposobnosti-za-samostalan-\u017eivot-i-rad-u-postupcima-ostvarivanja-statusa-u-obveznom-zdravstvenom-osiguranju.pdf\">Obavijest Zavodu za vje\u0161ta\u010denje kako neosigurane osobe u procesu stjecanja prava na zdravstveno osiguranje nemaju pravo na ispunjavanje 1-IN obrasca na teret HZZO-a<\/a><\/li>\n<li><a href=\"http:\/\/kohom.hr\/mm\/wp-content\/uploads\/Pravna-osnova-oslobo\u0111enja-od-prekovremenog-rada.pdf\">Dopis OB\u017d o pravnim osnovama oslobo\u0111enja od prekovremenog rada<\/a><\/li>\n<li><a href=\"http:\/\/kohom.hr\/mm\/wp-content\/uploads\/Zaklju\u010dak-IO-KoHOM-a-Strate\u0161ki-pristup-dugoro\u010dnoj-provedbi-cijepljenja.pdf\">Zaklju\u010dak IO KoHOM-a s preporukom \u010dlanovima: Strate\u0161ki pristup dugoro\u010dnoj provedbi cijepljenja<\/a><\/li>\n<li><a href=\"http:\/\/kohom.hr\/mm\/wp-content\/uploads\/Cijepljenje-protiv-bolesti-Covid-19-u-Gradu-Zagrebu.pdf\">Cijepljenje protiv bolesti COVID-19 u Gradu Zagrebu<\/a><\/li>\n<li><a href=\"http:\/\/kohom.hr\/mm\/wp-content\/uploads\/Zamolba-za-hitan-sastanak-u-Osje\u010dko-baranjskoj-\u017eupaniji.pdf\">Zamolba za hitan sastanak u Osje\u010dko-baranjskoj \u017eupaniji<\/a><\/li>\n<li><a href=\"http:\/\/kohom.hr\/mm\/wp-content\/uploads\/OM-kadrovi.pdf\">Analiza KoHOM-a o stanju lije\u010dni\u010dkog kadra u OOM po \u017eupanijama<\/a><\/li>\n<\/ul>\n<p>&nbsp;<\/p>\n","protected":false},"excerpt":{"rendered":"<p>Napomena: Klikom na naslov dokumenta preuzimate PDF datoteku! &nbsp; Hrvatski zavod za zdravstvo osiguranje: Zapo\u0161ljavanje medicinskih sestara na studentski ugovor za privremene zamjene u obiteljskoj medicini (09\/2025) Zahtjev za ukidanjem limita za upu\u0107ivanje u medicinsko-biokemijske laboratorije primarne razine (11\/2024) Zahtjev za omogu\u0107avanjem vezanje e-uputnog pisma na C1 i C2 e-uputnicu (10\/2024) Zahtjev za odgovorima i &#8230;<\/p>\n","protected":false},"author":6,"featured_media":0,"parent":0,"menu_order":0,"comment_status":"closed","ping_status":"closed","template":"","meta":{"jetpack_post_was_ever_published":false,"footnotes":""},"jetpack_shortlink":"https:\/\/wp.me\/P13bms-2yQ","jetpack_sharing_enabled":true,"_links":{"self":[{"href":"https:\/\/kohom.hr\/mm\/index.php?rest_route=\/wp\/v2\/pages\/9848"}],"collection":[{"href":"https:\/\/kohom.hr\/mm\/index.php?rest_route=\/wp\/v2\/pages"}],"about":[{"href":"https:\/\/kohom.hr\/mm\/index.php?rest_route=\/wp\/v2\/types\/page"}],"author":[{"embeddable":true,"href":"https:\/\/kohom.hr\/mm\/index.php?rest_route=\/wp\/v2\/users\/6"}],"replies":[{"embeddable":true,"href":"https:\/\/kohom.hr\/mm\/index.php?rest_route=%2Fwp%2Fv2%2Fcomments&post=9848"}],"version-history":[{"count":14,"href":"https:\/\/kohom.hr\/mm\/index.php?rest_route=\/wp\/v2\/pages\/9848\/revisions"}],"predecessor-version":[{"id":10162,"href":"https:\/\/kohom.hr\/mm\/index.php?rest_route=\/wp\/v2\/pages\/9848\/revisions\/10162"}],"wp:attachment":[{"href":"https:\/\/kohom.hr\/mm\/index.php?rest_route=%2Fwp%2Fv2%2Fmedia&parent=9848"}],"curies":[{"name":"wp","href":"https:\/\/api.w.org\/{rel}","templated":true}]}}